{"id":3235,"date":"2015-03-12T14:21:12","date_gmt":"2015-03-12T14:21:12","guid":{"rendered":"http:\/\/www.palmaequipmentrental.com\/product\/canon-lens-16-35mm-2\/"},"modified":"2022-08-05T12:12:16","modified_gmt":"2022-08-05T12:12:16","slug":"canon-lens-16-35mm","status":"publish","type":"product","link":"https:\/\/palmaequipmentrental.com\/es\/photo-video-equipment-mallorca\/canon-lens-16-35mm\/","title":{"rendered":"Canon EF 16-35mm f\/2.8L II USM"},"content":{"rendered":"<p><strong>Canon EF 16-35mm f\/2.8L II USM<\/strong><\/p>\n<p>Zoom \u00f3ptico ultra gran angular y r\u00e1pido que ofrece un rendimiento perif\u00e9rico excelente en todo el rango del zoom. Con una abertura constante de f\/2,8, es perfecto para fotograf\u00eda profesional en condiciones de poca luz.<\/p>\n<ul>\n<li>Construcci\u00f3n y \u00f3ptica de la serie L<\/li>\n<li>Abertura f\/2,8 en todo el rango del zoom<\/li>\n<li>Enfoque autom\u00e1tico r\u00e1pido y silencioso<\/li>\n<li>Elementos del objetivo: UD y asf\u00e9ricos<\/li>\n<li>Revestimiento Super Spectra<\/li>\n<li>Abertura circular para crear un efecto difuminado \u00abbokeh\u00bb excelente<\/li>\n<li>Transferencia de la informaci\u00f3n de distancia al sistema E-TTL II<\/li>\n<\/ul>\n","protected":false},"excerpt":{"rendered":"<p>Canon EF 16-35mm f\/2.8L II USM Zoom \u00f3ptico ultra gran angular y r\u00e1pido que ofrece un rendimiento perif\u00e9rico excelente en todo el rango del zoom. Con una abertura constante de f\/2,8, es perfecto para fotograf\u00eda profesional en condiciones de poca luz. Construcci\u00f3n y \u00f3ptica de la serie L Abertura f\/2,8 en todo el rango del zoom Enfoque autom\u00e1tico r\u00e1pido y [&hellip;]<\/p>\n","protected":false},"featured_media":9528,"template":"","meta":[],"product_cat":[801,795],"product_tag":[],"class_list":{"0":"post-3235","1":"product","2":"type-product","3":"status-publish","4":"has-post-thumbnail","6":"product_cat-objetivos-ef-es","7":"product_cat-objetivos-ef","9":"first","10":"instock","11":"shipping-taxable","12":"purchasable","13":"product-type-simple"},"_links":{"self":[{"href":"https:\/\/palmaequipmentrental.com\/es\/wp-json\/wp\/v2\/product\/3235","targetHints":{"allow":["GET"]}}],"collection":[{"href":"https:\/\/palmaequipmentrental.com\/es\/wp-json\/wp\/v2\/product"}],"about":[{"href":"https:\/\/palmaequipmentrental.com\/es\/wp-json\/wp\/v2\/types\/product"}],"wp:featuredmedia":[{"embeddable":true,"href":"https:\/\/palmaequipmentrental.com\/es\/wp-json\/wp\/v2\/media\/9528"}],"wp:attachment":[{"href":"https:\/\/palmaequipmentrental.com\/es\/wp-json\/wp\/v2\/media?parent=3235"}],"wp:term":[{"taxonomy":"product_cat","embeddable":true,"href":"https:\/\/palmaequipmentrental.com\/es\/wp-json\/wp\/v2\/product_cat?post=3235"},{"taxonomy":"product_tag","embeddable":true,"href":"https:\/\/palmaequipmentrental.com\/es\/wp-json\/wp\/v2\/product_tag?post=3235"}],"curies":[{"name":"wp","href":"https:\/\/api.w.org\/{rel}","templated":true}]}}