{"id":3239,"date":"2015-03-12T11:16:42","date_gmt":"2015-03-12T11:16:42","guid":{"rendered":"http:\/\/www.palmaequipmentrental.com\/product\/elinchrom-octabank-190cm-2\/"},"modified":"2022-08-05T12:12:16","modified_gmt":"2022-08-05T12:12:16","slug":"elinchrom-octabank-190cm","status":"publish","type":"product","link":"https:\/\/palmaequipmentrental.com\/es\/photo-video-equipment-mallorca\/elinchrom-octabank-190cm\/","title":{"rendered":"Elinchrom Octabank 190cm (6&#8242;)"},"content":{"rendered":"<p>Nuestro Octabank de Elinchrom incluye una tela de seda difusora de 1 paso completo y un adaptador de Profoto a Elinchrom para utilizarlo con los flashes de Profoto.<\/p>\n<p>La forma octogonal es ideal cuando se utiliza el m\u00e9todo de distribuci\u00f3n de la luz por reflexi\u00f3n. Como resultado, el Octa Bank proporciona una iluminaci\u00f3n notablemente uniforme a lo largo de todo el di\u00e1metro de m\u00e1s de 6 pies. Se puede utilizar muy cerca del sujeto para obtener efectos de iluminaci\u00f3n suaves y envolventes, y su eficiencia lum\u00ednica permite que incluso las unidades compactas m\u00e1s peque\u00f1as ofrezcan resultados de exposici\u00f3n impresionantes.<\/p>\n","protected":false},"excerpt":{"rendered":"<p>Nuestro Octabank de Elinchrom incluye una tela de seda difusora de 1 paso completo y un adaptador de Profoto a Elinchrom para utilizarlo con los flashes de Profoto. La forma octogonal es ideal cuando se utiliza el m\u00e9todo de distribuci\u00f3n de la luz por reflexi\u00f3n. Como resultado, el Octa Bank proporciona una iluminaci\u00f3n notablemente uniforme a lo largo de todo [&hellip;]<\/p>\n","protected":false},"featured_media":9437,"template":"","meta":[],"product_cat":[194],"product_tag":[],"class_list":{"0":"post-3239","1":"product","2":"type-product","3":"status-publish","4":"has-post-thumbnail","6":"product_cat-paraguas","8":"first","9":"instock","10":"shipping-taxable","11":"purchasable","12":"product-type-simple"},"_links":{"self":[{"href":"https:\/\/palmaequipmentrental.com\/es\/wp-json\/wp\/v2\/product\/3239","targetHints":{"allow":["GET"]}}],"collection":[{"href":"https:\/\/palmaequipmentrental.com\/es\/wp-json\/wp\/v2\/product"}],"about":[{"href":"https:\/\/palmaequipmentrental.com\/es\/wp-json\/wp\/v2\/types\/product"}],"wp:featuredmedia":[{"embeddable":true,"href":"https:\/\/palmaequipmentrental.com\/es\/wp-json\/wp\/v2\/media\/9437"}],"wp:attachment":[{"href":"https:\/\/palmaequipmentrental.com\/es\/wp-json\/wp\/v2\/media?parent=3239"}],"wp:term":[{"taxonomy":"product_cat","embeddable":true,"href":"https:\/\/palmaequipmentrental.com\/es\/wp-json\/wp\/v2\/product_cat?post=3239"},{"taxonomy":"product_tag","embeddable":true,"href":"https:\/\/palmaequipmentrental.com\/es\/wp-json\/wp\/v2\/product_tag?post=3239"}],"curies":[{"name":"wp","href":"https:\/\/api.w.org\/{rel}","templated":true}]}}