{"id":3247,"date":"2015-03-09T09:19:45","date_gmt":"2015-03-09T09:19:45","guid":{"rendered":"http:\/\/www.palmaequipmentrental.com\/product\/pro-air-remote-2\/"},"modified":"2025-08-21T09:39:28","modified_gmt":"2025-08-21T09:39:28","slug":"pro-air-remote","status":"publish","type":"product","link":"https:\/\/palmaequipmentrental.com\/es\/photo-video-equipment-mallorca\/pro-air-remote\/","title":{"rendered":"Profoto Air Remote"},"content":{"rendered":"<ul>\n<li>El sistema m\u00e1s r\u00e1pido del mundo para el control y la sincronizaci\u00f3n por radio de manera remota, lo suficientemente r\u00e1pido como para enlazar con un cable de sincronizaci\u00f3n y sincronizar el flash a velocidades de obturaci\u00f3n de hasta 1\/1600 s (si la c\u00e1mara lo admite).<\/li>\n<li>Peque\u00f1o y pr\u00e1ctico.<\/li>\n<li>Sincroniza cualquier flash Profoto compatible con Air y lo controla manualmente.<\/li>\n<li>Sincroniza cualquier flash de marca o \u00fasalo como disparador remoto para la mayor\u00eda de c\u00e1maras.<\/li>\n<li>Amplio rango operativo de 300 m.<\/li>\n<li>8 canales digitales.<\/li>\n<li>Controla hasta 6 grupos de flashes en cada canal.<\/li>\n<li>Aprobado para usarse en todo el mundo.<\/li>\n<\/ul>\n<p>&nbsp;<\/p>\n<p><a href=\"https:\/\/youtu.be\/lmYozCZDzng\">Check out our video!<\/a><\/p>\n","protected":false},"excerpt":{"rendered":"<p>El sistema m\u00e1s r\u00e1pido del mundo para el control y la sincronizaci\u00f3n por radio de manera remota, lo suficientemente r\u00e1pido como para enlazar con un cable de sincronizaci\u00f3n y sincronizar el flash a velocidades de obturaci\u00f3n de hasta 1\/1600 s (si la c\u00e1mara lo admite). Peque\u00f1o y pr\u00e1ctico. Sincroniza cualquier flash Profoto compatible con Air y lo controla manualmente. Sincroniza [&hellip;]<\/p>\n","protected":false},"featured_media":9121,"template":"","meta":[],"product_cat":[190],"product_tag":[],"class_list":{"0":"post-3247","1":"product","2":"type-product","3":"status-publish","4":"has-post-thumbnail","6":"product_cat-sincronizacion-remota","8":"first","9":"instock","10":"shipping-taxable","11":"purchasable","12":"product-type-simple"},"_links":{"self":[{"href":"https:\/\/palmaequipmentrental.com\/es\/wp-json\/wp\/v2\/product\/3247","targetHints":{"allow":["GET"]}}],"collection":[{"href":"https:\/\/palmaequipmentrental.com\/es\/wp-json\/wp\/v2\/product"}],"about":[{"href":"https:\/\/palmaequipmentrental.com\/es\/wp-json\/wp\/v2\/types\/product"}],"wp:featuredmedia":[{"embeddable":true,"href":"https:\/\/palmaequipmentrental.com\/es\/wp-json\/wp\/v2\/media\/9121"}],"wp:attachment":[{"href":"https:\/\/palmaequipmentrental.com\/es\/wp-json\/wp\/v2\/media?parent=3247"}],"wp:term":[{"taxonomy":"product_cat","embeddable":true,"href":"https:\/\/palmaequipmentrental.com\/es\/wp-json\/wp\/v2\/product_cat?post=3247"},{"taxonomy":"product_tag","embeddable":true,"href":"https:\/\/palmaequipmentrental.com\/es\/wp-json\/wp\/v2\/product_tag?post=3247"}],"curies":[{"name":"wp","href":"https:\/\/api.w.org\/{rel}","templated":true}]}}