{"id":3249,"date":"2015-02-26T16:34:56","date_gmt":"2015-02-26T16:34:56","guid":{"rendered":"http:\/\/www.palmaequipmentrental.com\/product\/steamer-2-2\/"},"modified":"2023-12-19T18:56:31","modified_gmt":"2023-12-19T18:56:31","slug":"steamer-2","status":"publish","type":"product","link":"https:\/\/palmaequipmentrental.com\/es\/photo-video-equipment-mallorca\/steamer-2\/","title":{"rendered":"Steamer Jiffy J-4000"},"content":{"rendered":"<p>Este vaporizador de primera l\u00ednea es tu mejor opci\u00f3n para una perfecci\u00f3n sin arrugas, asegurando que tus telas se vean lo mejor posible en c\u00e1mara.<\/p>\n<p>Eleva tus sesiones de moda y publicidad con el Jiffy Steamer 4000J, ahora disponible en Palma Equipment Rental en la soleada Palma de Mallorca, Espa\u00f1a.<\/p>\n<p>Detalles T\u00e9cnicos:<\/p>\n<ul>\n<li>Potente elemento de calefacci\u00f3n de 1500 vatios<\/li>\n<li>Tiempo de precalentamiento: 2 minutos<\/li>\n<li>Tiempo de vapor: 1.5 horas por llenado<\/li>\n<li>Cisterna de agua de 1 gal\u00f3n f\u00e1cil de llenar<\/li>\n<li>Carcasa exterior de pol\u00edmero de alto impacto<\/li>\n<li>Movilidad conveniente con ruedas<\/li>\n<li>Percha integrada para prendas y almacenamiento de cabezal de vapor<\/li>\n<\/ul>\n<p>El Jiffy Steamer 4000J es esencial para lograr esos looks impecables en tu pr\u00f3xima sesi\u00f3n. En Palma Equipment Rental, satisfacemos tus necesidades con una amplia gama de equipos profesionales de fotograf\u00eda, video y producci\u00f3n. Nuestra extensa lista de marcas, que incluye Profoto, Arri y Canon, complementa nuestro compromiso con la calidad y el servicio. No somos solo un servicio de alquiler; somos tus socios en creatividad, ofreciendo soporte t\u00e9cnico 24\/7 y un enfoque flexible y amigable.<\/p>\n<p>Echa un vistazo a este <a href=\"https:\/\/www.youtube.com\/watch?v=IKk4BbRCXW0\" target=\"_blank\" rel=\"noopener\">Video Tutorial<\/a> para ayudarte a configurarlo en la locaci\u00f3n.<\/p>\n<p>&nbsp;<\/p>\n<p><iframe loading=\"lazy\" title=\"PER Jiffy Steamer J-4000 | Tutorial\" width=\"500\" height=\"281\" src=\"https:\/\/www.youtube.com\/embed\/IKk4BbRCXW0?feature=oembed\" frameborder=\"0\" allow=\"accelerometer; autoplay; clipboard-write; encrypted-media; gyroscope; picture-in-picture; web-share\" referrerpolicy=\"strict-origin-when-cross-origin\" allowfullscreen><\/iframe><\/p>\n<p>&nbsp;<\/p>\n","protected":false},"excerpt":{"rendered":"<p>Este vaporizador de primera l\u00ednea es tu mejor opci\u00f3n para una perfecci\u00f3n sin arrugas, asegurando que tus telas se vean lo mejor posible en c\u00e1mara. Eleva tus sesiones de moda y publicidad con el Jiffy Steamer 4000J, ahora disponible en Palma Equipment Rental en la soleada Palma de Mallorca, Espa\u00f1a. Detalles T\u00e9cnicos: Potente elemento de calefacci\u00f3n de 1500 vatios Tiempo [&hellip;]<\/p>\n","protected":false},"featured_media":11882,"template":"","meta":[],"product_cat":[187],"product_tag":[],"class_list":{"0":"post-3249","1":"product","2":"type-product","3":"status-publish","4":"has-post-thumbnail","6":"product_cat-stylist-es","8":"first","9":"instock","10":"shipping-taxable","11":"purchasable","12":"product-type-simple"},"_links":{"self":[{"href":"https:\/\/palmaequipmentrental.com\/es\/wp-json\/wp\/v2\/product\/3249","targetHints":{"allow":["GET"]}}],"collection":[{"href":"https:\/\/palmaequipmentrental.com\/es\/wp-json\/wp\/v2\/product"}],"about":[{"href":"https:\/\/palmaequipmentrental.com\/es\/wp-json\/wp\/v2\/types\/product"}],"wp:featuredmedia":[{"embeddable":true,"href":"https:\/\/palmaequipmentrental.com\/es\/wp-json\/wp\/v2\/media\/11882"}],"wp:attachment":[{"href":"https:\/\/palmaequipmentrental.com\/es\/wp-json\/wp\/v2\/media?parent=3249"}],"wp:term":[{"taxonomy":"product_cat","embeddable":true,"href":"https:\/\/palmaequipmentrental.com\/es\/wp-json\/wp\/v2\/product_cat?post=3249"},{"taxonomy":"product_tag","embeddable":true,"href":"https:\/\/palmaequipmentrental.com\/es\/wp-json\/wp\/v2\/product_tag?post=3249"}],"curies":[{"name":"wp","href":"https:\/\/api.w.org\/{rel}","templated":true}]}}