{"id":3250,"date":"2015-02-26T15:00:07","date_gmt":"2015-02-26T15:00:07","guid":{"rendered":"http:\/\/www.palmaequipmentrental.com\/product\/pro-b4-1000-air-copy-2\/"},"modified":"2025-06-24T13:43:41","modified_gmt":"2025-06-24T13:43:41","slug":"profoto-pro-8a-2400","status":"publish","type":"product","link":"https:\/\/palmaequipmentrental.com\/es\/photo-video-equipment-mallorca\/profoto-pro-8a-2400\/","title":{"rendered":"Profoto Pro-8a 2400"},"content":{"rendered":"<div class=\"pos-prodintrotext-wrapper\">\n<div class=\"pos-prodintrotext\">\n<div class=\"pos-prodintrotext-wrapper\">\n<div class=\"pos-prodintrotext\">\n<p>El Pro-8 con un reciclado extremadamente r\u00e1pido, duraciones de congelaci\u00f3n de flash de acci\u00f3n con una fiabilidad y estabilidad de color incomparables, nunca dejar\u00e1 de proporcionar la luz que necesita. Esto, en combinaci\u00f3n con controles intuitivos y una robustez sin igual, ha convertido al Pro-8 en la herramienta de elecci\u00f3n del fot\u00f3grafo m\u00e1s exigente en estudios y tiendas de alquiler de todo el mundo.<\/p>\n<\/div>\n<p><strong>Caracter\u00edsticas<\/strong><\/p>\n<div class=\"pos-prodintrotext\">\n<p>-Equipado para producir grandes cantidades de im\u00e1genes a un ritmo muy r\u00e1pido.<\/p>\n<p>-El reciclaje extremadamente r\u00e1pido le permite disparar hasta 20 im\u00e1genes por segundo.<\/p>\n<p>-La acci\u00f3n de congelar las duraciones de flash incluso a m\u00e1xima potencia proporciona una exposici\u00f3n n\u00edtida con un m\u00ednimo movimiento borroso.<\/p>\n<p>-La salida de luz estable y la temperatura de color garantizan resultados absolutamente consistentes, toma tras toma tras toma, en todos los ajustes de potencia y duraciones de flash.<\/p>\n<p>-Dos salidas individuales y un rango de potencia de 10 f-stops con control en pasos de 0.1 f-stop brindan una precisi\u00f3n detallada y una gran versatilidad.<\/p>\n<p>-Construido como un tanque para soportar a\u00f1os de uso intensivo.<\/p>\n<p>-Sincronizaci\u00f3n inal\u00e1mbrica y control remoto con el sistema Air.<\/p>\n<\/div>\n<\/div>\n<\/div>\n<\/div>\n<p>&nbsp;<\/p>\n<p>&nbsp;<\/p>\n<p>&nbsp;<\/p>\n<p>&nbsp;<\/p>\n<p>&nbsp;<\/p>\n<p>&nbsp;<\/p>\n<p>&nbsp;<\/p>\n<p>&nbsp;<\/p>\n<p class=\"MsoNormal\"><span style=\"line-height: normal;\">\u00a0<\/span><\/p>\n<div><\/div>\n<p class=\"MsoNormal\" style=\"mso-margin-top-alt: auto; mso-margin-bottom-alt: auto; line-height: normal;\"><span style=\"font-family: Tahoma, sans-serif; color: #a6a6a6;\">\u00a0<\/span><\/p>\n<p>&nbsp;<\/p>\n","protected":false},"excerpt":{"rendered":"<p>El Pro-8 con un reciclado extremadamente r\u00e1pido, duraciones de congelaci\u00f3n de flash de acci\u00f3n con una fiabilidad y estabilidad de color incomparables, nunca dejar\u00e1 de proporcionar la luz que necesita. Esto, en combinaci\u00f3n con controles intuitivos y una robustez sin igual, ha convertido al Pro-8 en la herramienta de elecci\u00f3n del fot\u00f3grafo m\u00e1s exigente en estudios y tiendas de alquiler [&hellip;]<\/p>\n","protected":false},"featured_media":6533,"template":"","meta":[],"product_cat":[196],"product_tag":[],"class_list":{"0":"post-3250","1":"product","2":"type-product","3":"status-publish","4":"has-post-thumbnail","6":"product_cat-flash-generators-es","8":"first","9":"instock","10":"shipping-taxable","11":"purchasable","12":"product-type-simple"},"_links":{"self":[{"href":"https:\/\/palmaequipmentrental.com\/es\/wp-json\/wp\/v2\/product\/3250","targetHints":{"allow":["GET"]}}],"collection":[{"href":"https:\/\/palmaequipmentrental.com\/es\/wp-json\/wp\/v2\/product"}],"about":[{"href":"https:\/\/palmaequipmentrental.com\/es\/wp-json\/wp\/v2\/types\/product"}],"wp:featuredmedia":[{"embeddable":true,"href":"https:\/\/palmaequipmentrental.com\/es\/wp-json\/wp\/v2\/media\/6533"}],"wp:attachment":[{"href":"https:\/\/palmaequipmentrental.com\/es\/wp-json\/wp\/v2\/media?parent=3250"}],"wp:term":[{"taxonomy":"product_cat","embeddable":true,"href":"https:\/\/palmaequipmentrental.com\/es\/wp-json\/wp\/v2\/product_cat?post=3250"},{"taxonomy":"product_tag","embeddable":true,"href":"https:\/\/palmaequipmentrental.com\/es\/wp-json\/wp\/v2\/product_tag?post=3250"}],"curies":[{"name":"wp","href":"https:\/\/api.w.org\/{rel}","templated":true}]}}