{"id":3252,"date":"2015-01-23T13:38:05","date_gmt":"2015-01-23T13:38:05","guid":{"rendered":"http:\/\/www.palmaequipmentrental.com\/product\/prohead-plus-2\/"},"modified":"2023-10-11T14:54:58","modified_gmt":"2023-10-11T14:54:58","slug":"prohead-plus","status":"publish","type":"product","link":"https:\/\/palmaequipmentrental.com\/es\/photo-video-equipment-mallorca\/prohead-plus\/","title":{"rendered":"Profoto ProHead Plus"},"content":{"rendered":"<p>Nuestro Profoto ProHead Plus viene con un Profoto Zoom Reflector.<\/p>\n<p>Generadores compatibles: Pro-11 Pro-10, Pro-8a Air, Pro-7a, Pro-7s, Pro-7b, Pro-B4 Air Pro-B3 Air, Pro-B2&#8230;<\/p>\n<p>El cabezal ProHead cl\u00e1sico que ha iluminado m\u00e1s fotograf\u00edas ic\u00f3nicas que ning\u00fan otro cabezal de flash de estudio.<\/p>\n<p>Es el cabezal est\u00e1ndar para nuestros generadores de estudio profesionales. Es extraordinariamente ligero y compacto, pero tan robusto y fiable como los generadores profesionales. El ProHead Plus es compatible con m\u00e1s de 120 Light Shaping Tools de Profoto y est\u00e1 dise\u00f1ado para admitir la funci\u00f3n de zoom Profoto. Se trata de una caracter\u00edstica \u00fanica que permite modelar la luz con tan solo deslizar el reflector de la cabeza hacia atr\u00e1s y hacia delante.<\/p>\n<p>Profoto ha dise\u00f1ado sus antorchas de tal forma que los reflectores puedan desplazarse hacia atr\u00e1s y hacia delante para poder \u201cenfocar\u201d y \u201cpintar\u201d con la luz.<\/p>\n<div class=\"pos-prodintrotext-wrapper\">\n<div class=\"pos-prodintrotext\">\n<h3 class=\"tab__content-subtitle\">Caracter\u00edsticas<\/h3>\n<ul>\n<li>Rendimiento superior en una carcasa robusta y compacta<\/li>\n<li>Incluye un tubo de flash \u201cPerfect Arc\u201d: un potente tubo de flash de cuarzo que garantiza una iluminaci\u00f3n perfecta y maximiza su vida \u00fatil.<\/li>\n<li>Presenta un uso muy seguro gracias a la cubierta de cristal de gran grosor que reduce los rayos ultravioleta y al conector sellado a prueba de arco.<\/li>\n<li>El ventilador con control de temperatura mantiene el cabezal y los accesorios fr\u00edos incluso durante el uso intensivo.<\/li>\n<li>Compatible con m\u00e1s de 120 Light Shaping Tools de Profoto.<\/li>\n<li>Incluye el Zoom Reflector Profoto, una herramienta cl\u00e1sica y muy vers\u00e1til que lleva m\u00e1s de cuatro d\u00e9cadas al servicio de fot\u00f3grafos de todo el mundo.<\/li>\n<\/ul>\n<\/div>\n<\/div>\n<p style=\"color: #000000; line-height: 18px;\"><strong>\u00a0<\/strong><\/p>\n<p><!--EndFragment--><\/p>\n<p>&nbsp;<\/p>\n<p>&nbsp;<\/p>\n<p>&nbsp;<\/p>\n<p>&nbsp;<\/p>\n<p>&nbsp;<\/p>\n<p>&nbsp;<\/p>\n<p>&nbsp;<\/p>\n<p>&nbsp;<\/p>\n<div class=\"span-10 img-div-area\" style=\"margin: 0px 10px 0px 0px; padding: 0px 0px 10px; font-family: 'Helvetica Neue', Arial, Helvetica, sans-serif; vertical-align: baseline; width: 390px; min-height: 420px; float: left;\">\n<p>&nbsp;<\/p>\n<p><span style=\"color: #4a4849;\">\u00a0<\/span><\/p>\n<\/div>\n","protected":false},"excerpt":{"rendered":"<p>Nuestro Profoto ProHead Plus viene con un Profoto Zoom Reflector. Generadores compatibles: Pro-11 Pro-10, Pro-8a Air, Pro-7a, Pro-7s, Pro-7b, Pro-B4 Air Pro-B3 Air, Pro-B2&#8230; El cabezal ProHead cl\u00e1sico que ha iluminado m\u00e1s fotograf\u00edas ic\u00f3nicas que ning\u00fan otro cabezal de flash de estudio. Es el cabezal est\u00e1ndar para nuestros generadores de estudio profesionales. Es extraordinariamente ligero y compacto, pero tan robusto [&hellip;]<\/p>\n","protected":false},"featured_media":6525,"template":"","meta":[],"product_cat":[195],"product_tag":[],"class_list":{"0":"post-3252","1":"product","2":"type-product","3":"status-publish","4":"has-post-thumbnail","6":"product_cat-flash-heads-es","8":"first","9":"instock","10":"shipping-taxable","11":"purchasable","12":"product-type-simple"},"_links":{"self":[{"href":"https:\/\/palmaequipmentrental.com\/es\/wp-json\/wp\/v2\/product\/3252","targetHints":{"allow":["GET"]}}],"collection":[{"href":"https:\/\/palmaequipmentrental.com\/es\/wp-json\/wp\/v2\/product"}],"about":[{"href":"https:\/\/palmaequipmentrental.com\/es\/wp-json\/wp\/v2\/types\/product"}],"wp:featuredmedia":[{"embeddable":true,"href":"https:\/\/palmaequipmentrental.com\/es\/wp-json\/wp\/v2\/media\/6525"}],"wp:attachment":[{"href":"https:\/\/palmaequipmentrental.com\/es\/wp-json\/wp\/v2\/media?parent=3252"}],"wp:term":[{"taxonomy":"product_cat","embeddable":true,"href":"https:\/\/palmaequipmentrental.com\/es\/wp-json\/wp\/v2\/product_cat?post=3252"},{"taxonomy":"product_tag","embeddable":true,"href":"https:\/\/palmaequipmentrental.com\/es\/wp-json\/wp\/v2\/product_tag?post=3252"}],"curies":[{"name":"wp","href":"https:\/\/api.w.org\/{rel}","templated":true}]}}