{"id":3262,"date":"2015-01-23T13:14:22","date_gmt":"2015-01-23T13:14:22","guid":{"rendered":"http:\/\/www.palmaequipmentrental.com\/product\/pro-b4-1000-air-2\/"},"modified":"2024-01-16T18:27:17","modified_gmt":"2024-01-16T18:27:17","slug":"pro-b4-1000-air","status":"publish","type":"product","link":"https:\/\/palmaequipmentrental.com\/es\/photo-video-equipment-mallorca\/pro-b4-1000-air\/","title":{"rendered":"Profoto Pro-B4 1000 Air"},"content":{"rendered":"<p>Gracias a la nueva tecnolog\u00eda\u00a0 Hybrid Capacitor el Pro-B4 proporciona una duraci\u00f3n de flash menor de 1\/25.000 de segundo. Esta no es solo la duraci\u00f3n de flash m\u00e1s corta de cualquier generador de bater\u00eda del mundo, sino tambi\u00e9n de cualquier generador en general. No hace falta a\u00f1adir nada m\u00e1s. L\u00f3gicamente, esto genera posibilidades creativas que hasta hoy eran imposibles.<\/p>\n<p>El Pro-B4 tambi\u00e9n es el generador de bater\u00eda de m\u00e1s r\u00e1pida recarga. A baja potencia es capaz de disparar hasta 30 disparos por segundo, y el tiempo de espera entre disparo y disparo a plena potencia es menor de un segundo. Dicho de otro modo: el Pro-B4 nunca le har\u00e1 esperar. Ahora la rapidez de disparo solo depende de su c\u00e1mara.<\/p>\n<h3 class=\"tab__content-subtitle\">Caracter\u00edsticas<\/h3>\n<ul>\n<li>Duraciones de flash muy breves en todos los ajustes de potencia.<\/li>\n<li>Es posible seleccionar el modo CONGELACI\u00d3N para fotograf\u00edas de salpicaduras extremas.<\/li>\n<li>La bater\u00eda con la recarga m\u00e1s r\u00e1pida del mundo que te permite crear originales planos secuencia en exteriores.<\/li>\n<li>La bater\u00eda de Li-Ion (LiFe) de nueva generaci\u00f3n se recarga completamente en tan solo 45 minutos.<\/li>\n<li>Es posible cargar la bater\u00eda mientras se usa, por lo que tambi\u00e9n resulta muy \u00fatil en el estudio.<\/li>\n<li>Dos salidas individuales y un rango de potencia de 11 f-stop con control en pasos de 0,1 f-stop proporcionan una precisi\u00f3n y versatilidad en localizaciones insuperables.<\/li>\n<li>Puede controlarse de forma inal\u00e1mbrica desde un rango de hasta 300 m con cualquier Air Remote opcional.<\/li>\n<\/ul>\n<p>&nbsp;<\/p>\n<p>&nbsp;<\/p>\n<p>&nbsp;<\/p>\n<p class=\"MsoNormal\"><span style=\"line-height: normal;\">\u00a0<\/span><\/p>\n<div><\/div>\n<p class=\"MsoNormal\" style=\"mso-margin-top-alt: auto; mso-margin-bottom-alt: auto; line-height: normal;\"><span style=\"font-family: Tahoma, sans-serif; color: #a6a6a6;\">\u00a0<\/span><\/p>\n<p>&nbsp;<\/p>\n","protected":false},"excerpt":{"rendered":"<p>Gracias a la nueva tecnolog\u00eda\u00a0 Hybrid Capacitor el Pro-B4 proporciona una duraci\u00f3n de flash menor de 1\/25.000 de segundo. Esta no es solo la duraci\u00f3n de flash m\u00e1s corta de cualquier generador de bater\u00eda del mundo, sino tambi\u00e9n de cualquier generador en general. No hace falta a\u00f1adir nada m\u00e1s. L\u00f3gicamente, esto genera posibilidades creativas que hasta hoy eran imposibles. El [&hellip;]<\/p>\n","protected":false},"featured_media":6541,"template":"","meta":[],"product_cat":[196],"product_tag":[],"class_list":{"0":"post-3262","1":"product","2":"type-product","3":"status-publish","4":"has-post-thumbnail","6":"product_cat-flash-generators-es","8":"first","9":"instock","10":"shipping-taxable","11":"purchasable","12":"product-type-simple"},"_links":{"self":[{"href":"https:\/\/palmaequipmentrental.com\/es\/wp-json\/wp\/v2\/product\/3262","targetHints":{"allow":["GET"]}}],"collection":[{"href":"https:\/\/palmaequipmentrental.com\/es\/wp-json\/wp\/v2\/product"}],"about":[{"href":"https:\/\/palmaequipmentrental.com\/es\/wp-json\/wp\/v2\/types\/product"}],"wp:featuredmedia":[{"embeddable":true,"href":"https:\/\/palmaequipmentrental.com\/es\/wp-json\/wp\/v2\/media\/6541"}],"wp:attachment":[{"href":"https:\/\/palmaequipmentrental.com\/es\/wp-json\/wp\/v2\/media?parent=3262"}],"wp:term":[{"taxonomy":"product_cat","embeddable":true,"href":"https:\/\/palmaequipmentrental.com\/es\/wp-json\/wp\/v2\/product_cat?post=3262"},{"taxonomy":"product_tag","embeddable":true,"href":"https:\/\/palmaequipmentrental.com\/es\/wp-json\/wp\/v2\/product_tag?post=3262"}],"curies":[{"name":"wp","href":"https:\/\/api.w.org\/{rel}","templated":true}]}}