{"id":3263,"date":"2012-05-11T10:41:04","date_gmt":"2012-05-11T10:41:04","guid":{"rendered":"http:\/\/www.palmaequipmentrental.com\/product\/rode-ntg-2-shotgun-mic-kit-2\/"},"modified":"2023-01-24T12:20:52","modified_gmt":"2023-01-24T12:20:52","slug":"rode-ntg-2-shotgun-mic-kit","status":"publish","type":"product","link":"https:\/\/palmaequipmentrental.com\/es\/photo-video-equipment-mallorca\/rode-ntg-2-shotgun-mic-kit\/","title":{"rendered":"Rode NTG-2 Kit"},"content":{"rendered":"<p>Nuestro <strong>Kit de Micr\u00f3fono Rode<\/strong> incluye:<\/p>\n<ul>\n<li>Micr\u00f3fono de ca\u00f1\u00f3n NTG2<\/li>\n<li>Soporte de suspensi\u00f3n<\/li>\n<li>P\u00e9rtiga Rode Boom<\/li>\n<li>Parabrisas<\/li>\n<li>Rode Blimp<\/li>\n<li>2 x Cables XLR.<\/li>\n<\/ul>\n<p>El Rode NTG2 es un micr\u00f3fono de condensador ligero, dise\u00f1ado para aplicaciones profesionales en cine, v\u00eddeo, televisi\u00f3n y producci\u00f3n. Su respuesta de frecuencia completa, su bajo nivel de ruido y su transparencia de audio lo convierten en un micr\u00f3fono ideal para cine, v\u00eddeo y locuci\u00f3n.<\/p>\n<p><strong>Caracter\u00edsticas<\/strong><\/p>\n<ul>\n<li>Filtro de paso alto de dos pasos (Fkat\/80Hz)<\/li>\n<li>Circuitos de bajo ruido<\/li>\n<li>Calidad de sonido broadcast<\/li>\n<li>Bajo peso (161 g)<\/li>\n<li>Bajo nivel de ruido<\/li>\n<li>Alimentaci\u00f3n phantom P48\/ o bater\u00eda AA de 1,5 V opcional<\/li>\n<\/ul>\n","protected":false},"excerpt":{"rendered":"<p>Nuestro Kit de Micr\u00f3fono Rode incluye: Micr\u00f3fono de ca\u00f1\u00f3n NTG2 Soporte de suspensi\u00f3n P\u00e9rtiga Rode Boom Parabrisas Rode Blimp 2 x Cables XLR. El Rode NTG2 es un micr\u00f3fono de condensador ligero, dise\u00f1ado para aplicaciones profesionales en cine, v\u00eddeo, televisi\u00f3n y producci\u00f3n. Su respuesta de frecuencia completa, su bajo nivel de ruido y su transparencia de audio lo convierten en [&hellip;]<\/p>\n","protected":false},"featured_media":5692,"template":"","meta":[],"product_cat":[199],"product_tag":[],"class_list":{"0":"post-3263","1":"product","2":"type-product","3":"status-publish","4":"has-post-thumbnail","6":"product_cat-audio-es","8":"first","9":"instock","10":"shipping-taxable","11":"purchasable","12":"product-type-simple"},"_links":{"self":[{"href":"https:\/\/palmaequipmentrental.com\/es\/wp-json\/wp\/v2\/product\/3263","targetHints":{"allow":["GET"]}}],"collection":[{"href":"https:\/\/palmaequipmentrental.com\/es\/wp-json\/wp\/v2\/product"}],"about":[{"href":"https:\/\/palmaequipmentrental.com\/es\/wp-json\/wp\/v2\/types\/product"}],"wp:featuredmedia":[{"embeddable":true,"href":"https:\/\/palmaequipmentrental.com\/es\/wp-json\/wp\/v2\/media\/5692"}],"wp:attachment":[{"href":"https:\/\/palmaequipmentrental.com\/es\/wp-json\/wp\/v2\/media?parent=3263"}],"wp:term":[{"taxonomy":"product_cat","embeddable":true,"href":"https:\/\/palmaequipmentrental.com\/es\/wp-json\/wp\/v2\/product_cat?post=3263"},{"taxonomy":"product_tag","embeddable":true,"href":"https:\/\/palmaequipmentrental.com\/es\/wp-json\/wp\/v2\/product_tag?post=3263"}],"curies":[{"name":"wp","href":"https:\/\/api.w.org\/{rel}","templated":true}]}}