{"id":3273,"date":"2012-05-11T09:43:42","date_gmt":"2012-05-11T09:43:42","guid":{"rendered":"http:\/\/www.palmaequipmentrental.com\/product\/smallhd-4q-evf-monitor-2\/"},"modified":"2022-08-05T12:12:44","modified_gmt":"2022-08-05T12:12:44","slug":"smallhd-4q-evf-monitor","status":"publish","type":"product","link":"https:\/\/palmaequipmentrental.com\/es\/photo-video-equipment-mallorca\/smallhd-4q-evf-monitor\/","title":{"rendered":"Monitor SpectraHD 4 EVF"},"content":{"rendered":"<p><strong>Monitor SpectraHD 4 EVF<\/strong><\/p>\n<p>Pantalla LCD de 4,3&#8243; con resoluci\u00f3n de 1280x720px y \u00e1ngulo de visi\u00f3n de 170 grados<\/p>\n<ul>\n<li>Conversi\u00f3n de HDMI a SDI<\/li>\n<li>Histograma<\/li>\n<li>Vectorscopio<\/li>\n<li>Superposiciones de falso color y cebra<\/li>\n<li>Focus peaking<\/li>\n<li>Gu\u00edas de fotograma<\/li>\n<li>Monitorizaci\u00f3n de audio<\/li>\n<li>C\u00f3digo de tiempo<\/li>\n<li>Escala DSLR<\/li>\n<\/ul>\n<p>Adaptada para bater\u00edas Canon LP-E6 y la enviamos con un cable BNC HD-SDI corto y un cable HDMI<\/p>\n","protected":false},"excerpt":{"rendered":"<p>Monitor SpectraHD 4 EVF Pantalla LCD de 4,3&#8243; con resoluci\u00f3n de 1280x720px y \u00e1ngulo de visi\u00f3n de 170 grados Conversi\u00f3n de HDMI a SDI Histograma Vectorscopio Superposiciones de falso color y cebra Focus peaking Gu\u00edas de fotograma Monitorizaci\u00f3n de audio C\u00f3digo de tiempo Escala DSLR Adaptada para bater\u00edas Canon LP-E6 y la enviamos con un cable BNC HD-SDI corto y [&hellip;]<\/p>\n","protected":false},"featured_media":5052,"template":"","meta":[],"product_cat":[462],"product_tag":[],"class_list":{"0":"post-3273","1":"product","2":"type-product","3":"status-publish","4":"has-post-thumbnail","6":"product_cat-monitores","8":"first","9":"instock","10":"shipping-taxable","11":"purchasable","12":"product-type-simple"},"_links":{"self":[{"href":"https:\/\/palmaequipmentrental.com\/es\/wp-json\/wp\/v2\/product\/3273","targetHints":{"allow":["GET"]}}],"collection":[{"href":"https:\/\/palmaequipmentrental.com\/es\/wp-json\/wp\/v2\/product"}],"about":[{"href":"https:\/\/palmaequipmentrental.com\/es\/wp-json\/wp\/v2\/types\/product"}],"wp:featuredmedia":[{"embeddable":true,"href":"https:\/\/palmaequipmentrental.com\/es\/wp-json\/wp\/v2\/media\/5052"}],"wp:attachment":[{"href":"https:\/\/palmaequipmentrental.com\/es\/wp-json\/wp\/v2\/media?parent=3273"}],"wp:term":[{"taxonomy":"product_cat","embeddable":true,"href":"https:\/\/palmaequipmentrental.com\/es\/wp-json\/wp\/v2\/product_cat?post=3273"},{"taxonomy":"product_tag","embeddable":true,"href":"https:\/\/palmaequipmentrental.com\/es\/wp-json\/wp\/v2\/product_tag?post=3273"}],"curies":[{"name":"wp","href":"https:\/\/api.w.org\/{rel}","templated":true}]}}