{"id":3275,"date":"2012-05-10T16:15:53","date_gmt":"2012-05-10T16:15:53","guid":{"rendered":"http:\/\/www.palmaequipmentrental.com\/product\/canon-speedlite-580-ex-2\/"},"modified":"2023-02-22T16:41:24","modified_gmt":"2023-02-22T16:41:24","slug":"canon-speedlite-580-ex","status":"publish","type":"product","link":"https:\/\/palmaequipmentrental.com\/es\/photo-video-equipment-mallorca\/canon-speedlite-580-ex\/","title":{"rendered":"Canon Speedlite 580EX II"},"content":{"rendered":"<p><strong>Canon Speedlite 580EX II<\/strong><\/p>\n<p>Este es el principal Flash de c\u00e1mara para todos los fot\u00f3grafos.<br \/>\nFunciona para todo, desde retratos espont\u00e1neos en condiciones de oscuridad hasta complejas configuraciones de flash m\u00faltiple inal\u00e1mbrico en un entorno de estudio port\u00e1til.<\/p>\n<p><strong>Caracter\u00edsticas<\/strong><\/p>\n<ul>\n<li>Medici\u00f3n de flash E-TTL<\/li>\n<li>Cabezal de zoom de 24-105 mm con difusor de 14 mm<\/li>\n<li>N\u00famero gu\u00eda de 58<\/li>\n<li>Maestro o esclavo inal\u00e1mbrico<\/li>\n<li>Reciclado r\u00e1pido y casi silencioso<\/li>\n<li>Flash estrobosc\u00f3pico<\/li>\n<\/ul>\n","protected":false},"excerpt":{"rendered":"<p>Canon Speedlite 580EX II Este es el principal Flash de c\u00e1mara para todos los fot\u00f3grafos. Funciona para todo, desde retratos espont\u00e1neos en condiciones de oscuridad hasta complejas configuraciones de flash m\u00faltiple inal\u00e1mbrico en un entorno de estudio port\u00e1til. Caracter\u00edsticas Medici\u00f3n de flash E-TTL Cabezal de zoom de 24-105 mm con difusor de 14 mm N\u00famero gu\u00eda de 58 Maestro o [&hellip;]<\/p>\n","protected":false},"featured_media":12711,"template":"","meta":[],"product_cat":[386],"product_tag":[],"class_list":{"0":"post-3275","1":"product","2":"type-product","3":"status-publish","4":"has-post-thumbnail","6":"product_cat-on-camara-flash","8":"first","9":"instock","10":"shipping-taxable","11":"purchasable","12":"product-type-simple"},"_links":{"self":[{"href":"https:\/\/palmaequipmentrental.com\/es\/wp-json\/wp\/v2\/product\/3275","targetHints":{"allow":["GET"]}}],"collection":[{"href":"https:\/\/palmaequipmentrental.com\/es\/wp-json\/wp\/v2\/product"}],"about":[{"href":"https:\/\/palmaequipmentrental.com\/es\/wp-json\/wp\/v2\/types\/product"}],"wp:featuredmedia":[{"embeddable":true,"href":"https:\/\/palmaequipmentrental.com\/es\/wp-json\/wp\/v2\/media\/12711"}],"wp:attachment":[{"href":"https:\/\/palmaequipmentrental.com\/es\/wp-json\/wp\/v2\/media?parent=3275"}],"wp:term":[{"taxonomy":"product_cat","embeddable":true,"href":"https:\/\/palmaequipmentrental.com\/es\/wp-json\/wp\/v2\/product_cat?post=3275"},{"taxonomy":"product_tag","embeddable":true,"href":"https:\/\/palmaequipmentrental.com\/es\/wp-json\/wp\/v2\/product_tag?post=3275"}],"curies":[{"name":"wp","href":"https:\/\/api.w.org\/{rel}","templated":true}]}}