{"id":3277,"date":"2012-05-10T16:15:53","date_gmt":"2012-05-10T16:15:53","guid":{"rendered":"http:\/\/www.palmaequipmentrental.com\/product\/minolta-v-light-meter-2\/"},"modified":"2022-08-05T12:12:46","modified_gmt":"2022-08-05T12:12:46","slug":"minolta-v-light-meter","status":"publish","type":"product","link":"https:\/\/palmaequipmentrental.com\/es\/photo-video-equipment-mallorca\/minolta-v-light-meter\/","title":{"rendered":"Minolta V Light Meter"},"content":{"rendered":"<p>El Fot\u00f3metro <strong>Minolta Auto Meter V<\/strong> ofrece medici\u00f3n de la exposici\u00f3n con flash y luz ambiental en los modos puntual y de incidencia.<\/p>\n<ul>\n<li>La funci\u00f3n autom\u00e1tica distingue la luz del flash de la luz ambiental y el funcionamiento con y sin cable<\/li>\n<li>La memoria interna almacena hasta ocho valores de medici\u00f3n<\/li>\n<li>El dise\u00f1o simplificado proporciona funciones f\u00e1ciles de usar<\/li>\n<li>El bot\u00f3n especial ISO muestra los requisitos de exposici\u00f3n para fotograf\u00edas instant\u00e1neas<\/li>\n<\/ul>\n","protected":false},"excerpt":{"rendered":"<p>El Fot\u00f3metro Minolta Auto Meter V ofrece medici\u00f3n de la exposici\u00f3n con flash y luz ambiental en los modos puntual y de incidencia. La funci\u00f3n autom\u00e1tica distingue la luz del flash de la luz ambiental y el funcionamiento con y sin cable La memoria interna almacena hasta ocho valores de medici\u00f3n El dise\u00f1o simplificado proporciona funciones f\u00e1ciles de usar El [&hellip;]<\/p>\n","protected":false},"featured_media":9497,"template":"","meta":[],"product_cat":[189],"product_tag":[],"class_list":{"0":"post-3277","1":"product","2":"type-product","3":"status-publish","4":"has-post-thumbnail","6":"product_cat-accesorios-de-camara","8":"first","9":"instock","10":"shipping-taxable","11":"purchasable","12":"product-type-simple"},"_links":{"self":[{"href":"https:\/\/palmaequipmentrental.com\/es\/wp-json\/wp\/v2\/product\/3277","targetHints":{"allow":["GET"]}}],"collection":[{"href":"https:\/\/palmaequipmentrental.com\/es\/wp-json\/wp\/v2\/product"}],"about":[{"href":"https:\/\/palmaequipmentrental.com\/es\/wp-json\/wp\/v2\/types\/product"}],"wp:featuredmedia":[{"embeddable":true,"href":"https:\/\/palmaequipmentrental.com\/es\/wp-json\/wp\/v2\/media\/9497"}],"wp:attachment":[{"href":"https:\/\/palmaequipmentrental.com\/es\/wp-json\/wp\/v2\/media?parent=3277"}],"wp:term":[{"taxonomy":"product_cat","embeddable":true,"href":"https:\/\/palmaequipmentrental.com\/es\/wp-json\/wp\/v2\/product_cat?post=3277"},{"taxonomy":"product_tag","embeddable":true,"href":"https:\/\/palmaequipmentrental.com\/es\/wp-json\/wp\/v2\/product_tag?post=3277"}],"curies":[{"name":"wp","href":"https:\/\/api.w.org\/{rel}","templated":true}]}}