{"id":3293,"date":"2012-04-25T17:02:06","date_gmt":"2012-04-25T17:02:06","guid":{"rendered":"http:\/\/www.palmaequipmentrental.com\/product\/apc-back-ups-pro-900-2\/"},"modified":"2022-08-05T12:13:16","modified_gmt":"2022-08-05T12:13:16","slug":"apc-back-ups-pro-900","status":"publish","type":"product","link":"https:\/\/palmaequipmentrental.com\/es\/photo-video-equipment-mallorca\/apc-back-ups-pro-900\/","title":{"rendered":"SAI APC Back-UPS Pro 900"},"content":{"rendered":"<p><strong>APC Back-UPS Pro 900<\/strong>\u00a0es un SAI de alto rendimiento para ordenadores y aparatos electr\u00f3nicos para una protecci\u00f3n el\u00e9ctrica de primera calidad.<\/p>\n<p>Nuestro SAI APC Back-UPS Pro 900 (230V) incluye adaptadores para Reino Unido y Estados Unidos.<br \/>\nGracias a su sistema de alimentaci\u00f3n ininterrumpida, garantiza que sus archivos puedan guardarse y que el sistema operativo se apague correctamente en caso de un corte de energ\u00eda sostenido.<br \/>\nProtege los equipos conectados de las sobretensiones en las l\u00edneas de datos y protege el hardware de posibles da\u00f1os.<br \/>\nAumenta autom\u00e1ticamente la baja tensi\u00f3n y reduce la alta tensi\u00f3n a niveles adecuados para su equipo.<\/p>\n","protected":false},"excerpt":{"rendered":"<p>APC Back-UPS Pro 900\u00a0es un SAI de alto rendimiento para ordenadores y aparatos electr\u00f3nicos para una protecci\u00f3n el\u00e9ctrica de primera calidad. Nuestro SAI APC Back-UPS Pro 900 (230V) incluye adaptadores para Reino Unido y Estados Unidos. Gracias a su sistema de alimentaci\u00f3n ininterrumpida, garantiza que sus archivos puedan guardarse y que el sistema operativo se apague correctamente en caso de [&hellip;]<\/p>\n","protected":false},"featured_media":9861,"template":"","meta":[],"product_cat":[185],"product_tag":[],"class_list":{"0":"post-3293","1":"product","2":"type-product","3":"status-publish","4":"has-post-thumbnail","6":"product_cat-accesorios-digitales","8":"first","9":"instock","10":"shipping-taxable","11":"purchasable","12":"product-type-simple"},"_links":{"self":[{"href":"https:\/\/palmaequipmentrental.com\/es\/wp-json\/wp\/v2\/product\/3293","targetHints":{"allow":["GET"]}}],"collection":[{"href":"https:\/\/palmaequipmentrental.com\/es\/wp-json\/wp\/v2\/product"}],"about":[{"href":"https:\/\/palmaequipmentrental.com\/es\/wp-json\/wp\/v2\/types\/product"}],"wp:featuredmedia":[{"embeddable":true,"href":"https:\/\/palmaequipmentrental.com\/es\/wp-json\/wp\/v2\/media\/9861"}],"wp:attachment":[{"href":"https:\/\/palmaequipmentrental.com\/es\/wp-json\/wp\/v2\/media?parent=3293"}],"wp:term":[{"taxonomy":"product_cat","embeddable":true,"href":"https:\/\/palmaequipmentrental.com\/es\/wp-json\/wp\/v2\/product_cat?post=3293"},{"taxonomy":"product_tag","embeddable":true,"href":"https:\/\/palmaequipmentrental.com\/es\/wp-json\/wp\/v2\/product_tag?post=3293"}],"curies":[{"name":"wp","href":"https:\/\/api.w.org\/{rel}","templated":true}]}}