{"id":3303,"date":"2012-03-23T13:03:40","date_gmt":"2012-03-23T13:03:40","guid":{"rendered":"http:\/\/www.palmaequipmentrental.com\/product\/pro-air-sync-kit-2\/"},"modified":"2025-08-21T09:50:56","modified_gmt":"2025-08-21T09:50:56","slug":"pro-air-sync-kit","status":"publish","type":"product","link":"https:\/\/palmaequipmentrental.com\/es\/photo-video-equipment-mallorca\/pro-air-sync-kit\/","title":{"rendered":"Profoto Air Sync Kit"},"content":{"rendered":"<p>Nuestro kit de Air Sync incluye <strong>2x\u00a0transceptores Profoto Air Sync<\/strong>.<\/p>\n<p>Sincroniza \/ dispara tu flash o c\u00e1mara desde una distancia de hasta 300 metros (1000 pies).<\/p>\n<p><strong>Caracter\u00edsticas<\/strong><\/p>\n<ul>\n<li>2x transceptores que pueden funcionar como receptor o transmisor<\/li>\n<li>Alcance de hasta 300 metros<\/li>\n<li>Sincronizaci\u00f3n del flash por radio y disparo de la c\u00e1mara<\/li>\n<li>Antena integrada<\/li>\n<li>Uso mundial a 2,4 GHz<\/li>\n<li>Ahorro de energ\u00eda autom\u00e1tico<\/li>\n<li>Tiempo de sincronizaci\u00f3n de hasta 1\/1600 (obturador de hoja\/dependiendo de la c\u00e1mara)<\/li>\n<\/ul>\n<p>&nbsp;<\/p>\n<p><a href=\"https:\/\/youtu.be\/oDfHYg-nIe8\">Check out our video!<\/a><\/p>\n","protected":false},"excerpt":{"rendered":"<p>Nuestro kit de Air Sync incluye 2x\u00a0transceptores Profoto Air Sync. Sincroniza \/ dispara tu flash o c\u00e1mara desde una distancia de hasta 300 metros (1000 pies). Caracter\u00edsticas 2x transceptores que pueden funcionar como receptor o transmisor Alcance de hasta 300 metros Sincronizaci\u00f3n del flash por radio y disparo de la c\u00e1mara Antena integrada Uso mundial a 2,4 GHz Ahorro de [&hellip;]<\/p>\n","protected":false},"featured_media":8683,"template":"","meta":[],"product_cat":[190],"product_tag":[],"class_list":{"0":"post-3303","1":"product","2":"type-product","3":"status-publish","4":"has-post-thumbnail","6":"product_cat-sincronizacion-remota","8":"first","9":"instock","10":"shipping-taxable","11":"purchasable","12":"product-type-simple"},"_links":{"self":[{"href":"https:\/\/palmaequipmentrental.com\/es\/wp-json\/wp\/v2\/product\/3303","targetHints":{"allow":["GET"]}}],"collection":[{"href":"https:\/\/palmaequipmentrental.com\/es\/wp-json\/wp\/v2\/product"}],"about":[{"href":"https:\/\/palmaequipmentrental.com\/es\/wp-json\/wp\/v2\/types\/product"}],"wp:featuredmedia":[{"embeddable":true,"href":"https:\/\/palmaequipmentrental.com\/es\/wp-json\/wp\/v2\/media\/8683"}],"wp:attachment":[{"href":"https:\/\/palmaequipmentrental.com\/es\/wp-json\/wp\/v2\/media?parent=3303"}],"wp:term":[{"taxonomy":"product_cat","embeddable":true,"href":"https:\/\/palmaequipmentrental.com\/es\/wp-json\/wp\/v2\/product_cat?post=3303"},{"taxonomy":"product_tag","embeddable":true,"href":"https:\/\/palmaequipmentrental.com\/es\/wp-json\/wp\/v2\/product_tag?post=3303"}],"curies":[{"name":"wp","href":"https:\/\/api.w.org\/{rel}","templated":true}]}}