{"id":3311,"date":"2012-05-10T14:55:37","date_gmt":"2012-05-10T14:55:37","guid":{"rendered":"http:\/\/www.palmaequipmentrental.com\/product\/canon-lens-24-70mm-f28l-ii-2\/"},"modified":"2022-08-05T12:13:13","modified_gmt":"2022-08-05T12:13:13","slug":"canon-lens-24-70mm-f28l-ii","status":"publish","type":"product","link":"https:\/\/palmaequipmentrental.com\/es\/photo-video-equipment-mallorca\/canon-lens-24-70mm-f28l-ii\/","title":{"rendered":"Canon EF 24-70mm f\/2.8L II USM"},"content":{"rendered":"<p><strong>Canon EF 24-70mm f\/2.8L II USM.<\/strong><br \/>\nEl objetivo zoom est\u00e1ndar de los profesionales.<\/p>\n<p>Un zoom est\u00e1ndar de calidad profesional que ofrece una calidad de imagen superlativa y un r\u00e1pido diafragma m\u00e1ximo de f\/2,8 en todo su rango de zoom.El compa\u00f1ero perfecto para cualquier c\u00e1mara EOS de fotograma completo.<\/p>\n<p><strong>Caracter\u00edsticas<\/strong><\/p>\n<ul>\n<li>Rango de zoom vers\u00e1til de 24-70 mm<\/li>\n<li>Dise\u00f1o \u00f3ptico totalmente nuevo<\/li>\n<li>Elementos de dispersi\u00f3n ultrabaja (UD) y s\u00faper UD<\/li>\n<li>Apertura m\u00e1xima de f\/2,8<\/li>\n<li>Enfoque cercano de 0,38 m<\/li>\n<li>Sellado contra el polvo y la humedad<\/li>\n<li>Enfoque autom\u00e1tico r\u00e1pido y silencioso<\/li>\n<li>Enfoque manual<\/li>\n<li>Diafragma circular de nueve hojas<\/li>\n<\/ul>\n","protected":false},"excerpt":{"rendered":"<p>Canon EF 24-70mm f\/2.8L II USM. El objetivo zoom est\u00e1ndar de los profesionales. Un zoom est\u00e1ndar de calidad profesional que ofrece una calidad de imagen superlativa y un r\u00e1pido diafragma m\u00e1ximo de f\/2,8 en todo su rango de zoom.El compa\u00f1ero perfecto para cualquier c\u00e1mara EOS de fotograma completo. Caracter\u00edsticas Rango de zoom vers\u00e1til de 24-70 mm Dise\u00f1o \u00f3ptico totalmente nuevo [&hellip;]<\/p>\n","protected":false},"featured_media":9547,"template":"","meta":[],"product_cat":[801,795],"product_tag":[],"class_list":{"0":"post-3311","1":"product","2":"type-product","3":"status-publish","4":"has-post-thumbnail","6":"product_cat-objetivos-ef-es","7":"product_cat-objetivos-ef","9":"first","10":"instock","11":"shipping-taxable","12":"purchasable","13":"product-type-simple"},"_links":{"self":[{"href":"https:\/\/palmaequipmentrental.com\/es\/wp-json\/wp\/v2\/product\/3311","targetHints":{"allow":["GET"]}}],"collection":[{"href":"https:\/\/palmaequipmentrental.com\/es\/wp-json\/wp\/v2\/product"}],"about":[{"href":"https:\/\/palmaequipmentrental.com\/es\/wp-json\/wp\/v2\/types\/product"}],"wp:featuredmedia":[{"embeddable":true,"href":"https:\/\/palmaequipmentrental.com\/es\/wp-json\/wp\/v2\/media\/9547"}],"wp:attachment":[{"href":"https:\/\/palmaequipmentrental.com\/es\/wp-json\/wp\/v2\/media?parent=3311"}],"wp:term":[{"taxonomy":"product_cat","embeddable":true,"href":"https:\/\/palmaequipmentrental.com\/es\/wp-json\/wp\/v2\/product_cat?post=3311"},{"taxonomy":"product_tag","embeddable":true,"href":"https:\/\/palmaequipmentrental.com\/es\/wp-json\/wp\/v2\/product_tag?post=3311"}],"curies":[{"name":"wp","href":"https:\/\/api.w.org\/{rel}","templated":true}]}}