{"id":3313,"date":"2012-05-10T14:55:37","date_gmt":"2012-05-10T14:55:37","guid":{"rendered":"http:\/\/www.palmaequipmentrental.com\/product\/vari-nd-77mm-2\/"},"modified":"2022-08-05T12:13:14","modified_gmt":"2022-08-05T12:13:14","slug":"vari-nd-77mm","status":"publish","type":"product","link":"https:\/\/palmaequipmentrental.com\/es\/photo-video-equipment-mallorca\/vari-nd-77mm\/","title":{"rendered":"Filtro Vari ND 77mm"},"content":{"rendered":"<p>El <strong>filtro ND gris variable de 77 mm<\/strong> de Heliopan es un s\u00f3lido filtro de densidad neutra variable que proporciona una reducci\u00f3n de aproximadamente 1 a 6 paradas.<\/p>\n<p>La densidad de 0,3 a 1,8 crea un oscurecimiento de toda la imagen, lo que le permite fotografiar con una apertura m\u00e1s amplia o una velocidad de obturaci\u00f3n m\u00e1s lenta de lo que normalmente se requiere.<br \/>\nEl grado de densidad se controla f\u00e1cilmente girando el anillo del filtro frontal, lo que le permite prever la longitud de exposici\u00f3n adicional necesaria.<br \/>\nAl ralentizar el tiempo de exposici\u00f3n o aumentar el diafragma, podr\u00e1 controlar la profundidad de campo y transmitir el movimiento con mayor facilidad.<br \/>\nLos filtros de densidad neutra no afectan a la coloraci\u00f3n de la imagen.<\/p>\n<p><strong>Caracter\u00edsticas<\/strong><\/p>\n<ul>\n<li>Filtro de densidad neutra variable de 0,3 a 1,8<\/li>\n<li>Aumenta la exposici\u00f3n de 1 a 6 puntos<\/li>\n<li>Construcci\u00f3n de anillo de lat\u00f3n<\/li>\n<li>Cristal Schott de alta calidad<\/li>\n<\/ul>\n","protected":false},"excerpt":{"rendered":"<p>El filtro ND gris variable de 77 mm de Heliopan es un s\u00f3lido filtro de densidad neutra variable que proporciona una reducci\u00f3n de aproximadamente 1 a 6 paradas. La densidad de 0,3 a 1,8 crea un oscurecimiento de toda la imagen, lo que le permite fotografiar con una apertura m\u00e1s amplia o una velocidad de obturaci\u00f3n m\u00e1s lenta de lo [&hellip;]<\/p>\n","protected":false},"featured_media":9710,"template":"","meta":[],"product_cat":[405,446],"product_tag":[],"class_list":{"0":"post-3313","1":"product","2":"type-product","3":"status-publish","4":"has-post-thumbnail","6":"product_cat-filtros-es","7":"product_cat-filtros-anillos-adaptadores","9":"first","10":"instock","11":"shipping-taxable","12":"purchasable","13":"product-type-simple"},"_links":{"self":[{"href":"https:\/\/palmaequipmentrental.com\/es\/wp-json\/wp\/v2\/product\/3313","targetHints":{"allow":["GET"]}}],"collection":[{"href":"https:\/\/palmaequipmentrental.com\/es\/wp-json\/wp\/v2\/product"}],"about":[{"href":"https:\/\/palmaequipmentrental.com\/es\/wp-json\/wp\/v2\/types\/product"}],"wp:featuredmedia":[{"embeddable":true,"href":"https:\/\/palmaequipmentrental.com\/es\/wp-json\/wp\/v2\/media\/9710"}],"wp:attachment":[{"href":"https:\/\/palmaequipmentrental.com\/es\/wp-json\/wp\/v2\/media?parent=3313"}],"wp:term":[{"taxonomy":"product_cat","embeddable":true,"href":"https:\/\/palmaequipmentrental.com\/es\/wp-json\/wp\/v2\/product_cat?post=3313"},{"taxonomy":"product_tag","embeddable":true,"href":"https:\/\/palmaequipmentrental.com\/es\/wp-json\/wp\/v2\/product_tag?post=3313"}],"curies":[{"name":"wp","href":"https:\/\/api.w.org\/{rel}","templated":true}]}}