{"id":3315,"date":"2012-05-10T14:55:37","date_gmt":"2012-05-10T14:55:37","guid":{"rendered":"http:\/\/www.palmaequipmentrental.com\/product\/canon-100mm-macro-f28-2\/"},"modified":"2022-08-05T12:13:14","modified_gmt":"2022-08-05T12:13:14","slug":"canon-100mm-macro-f28","status":"publish","type":"product","link":"https:\/\/palmaequipmentrental.com\/es\/photo-video-equipment-mallorca\/canon-100mm-macro-f28\/","title":{"rendered":"Canon EF 100mm f\/2.8L Macro IS USM"},"content":{"rendered":"<p>El objetivo <strong>Macro Canon EF 100mm f\/2.8L IS USM<\/strong> con Estabilizador de Imagen establece nuevos est\u00e1ndares de rendimiento y caracter\u00edsticas.<\/p>\n<p>Forma parte de la prestigiosa serie L de Canon, y es el primero que incorpora un Estabilizador de Imagen con detecci\u00f3n de \u00e1ngulo y desplazamiento, que es muy eficaz para distancias de enfoque cercanas.<\/p>\n<ul>\n<li>Distancia m\u00ednima de enfoque 0.3m<\/li>\n<li>\u00c1ngulo de visi\u00f3n (horizontal, vertical, diagonal) 19,8\u00b0, 13,5\u00b0, 24\u00b0<\/li>\n<li>N\u00ba de hojas del diafragma 9<\/li>\n<li>Abertura m\u00ednima-Maxima F\/32-2.8<\/li>\n<li>Estabilizador de imagen 4 pasos<\/li>\n<li>Motor para el AF USM\u00b9 de anillo<\/li>\n<li>Di\u00e1metro del filtro 67mm<\/li>\n<\/ul>\n","protected":false},"excerpt":{"rendered":"<p>El objetivo Macro Canon EF 100mm f\/2.8L IS USM con Estabilizador de Imagen establece nuevos est\u00e1ndares de rendimiento y caracter\u00edsticas. Forma parte de la prestigiosa serie L de Canon, y es el primero que incorpora un Estabilizador de Imagen con detecci\u00f3n de \u00e1ngulo y desplazamiento, que es muy eficaz para distancias de enfoque cercanas. Distancia m\u00ednima de enfoque 0.3m \u00c1ngulo [&hellip;]<\/p>\n","protected":false},"featured_media":9519,"template":"","meta":[],"product_cat":[795,801],"product_tag":[],"class_list":{"0":"post-3315","1":"product","2":"type-product","3":"status-publish","4":"has-post-thumbnail","6":"product_cat-objetivos-ef","7":"product_cat-objetivos-ef-es","9":"first","10":"instock","11":"shipping-taxable","12":"purchasable","13":"product-type-simple"},"_links":{"self":[{"href":"https:\/\/palmaequipmentrental.com\/es\/wp-json\/wp\/v2\/product\/3315","targetHints":{"allow":["GET"]}}],"collection":[{"href":"https:\/\/palmaequipmentrental.com\/es\/wp-json\/wp\/v2\/product"}],"about":[{"href":"https:\/\/palmaequipmentrental.com\/es\/wp-json\/wp\/v2\/types\/product"}],"wp:featuredmedia":[{"embeddable":true,"href":"https:\/\/palmaequipmentrental.com\/es\/wp-json\/wp\/v2\/media\/9519"}],"wp:attachment":[{"href":"https:\/\/palmaequipmentrental.com\/es\/wp-json\/wp\/v2\/media?parent=3315"}],"wp:term":[{"taxonomy":"product_cat","embeddable":true,"href":"https:\/\/palmaequipmentrental.com\/es\/wp-json\/wp\/v2\/product_cat?post=3315"},{"taxonomy":"product_tag","embeddable":true,"href":"https:\/\/palmaequipmentrental.com\/es\/wp-json\/wp\/v2\/product_tag?post=3315"}],"curies":[{"name":"wp","href":"https:\/\/api.w.org\/{rel}","templated":true}]}}