{"id":3324,"date":"2012-05-10T15:44:27","date_gmt":"2012-05-10T15:44:27","guid":{"rendered":"http:\/\/www.palmaequipmentrental.com\/product\/manfrotto-229-3d-head-2\/"},"modified":"2022-08-05T12:12:48","modified_gmt":"2022-08-05T12:12:48","slug":"manfrotto-229-3d-head","status":"publish","type":"product","link":"https:\/\/palmaequipmentrental.com\/es\/photo-video-equipment-mallorca\/manfrotto-229-3d-head\/","title":{"rendered":"R\u00f3tula Manfrotto 229 3D"},"content":{"rendered":"<p><strong>R\u00f3tula Manfrotto 229 3D.<\/strong><\/p>\n<p>Con controles independientes de los 3 ejes para facilitar el mejor encuadre. La precisi\u00f3n se ve favorecida por los niveles de burbuja incorporados que indican los niveles horizontal y vertical. Para m\u00e1s control, dispone indicadores calibrados en las manijas. La innovadora zapata de liberaci\u00f3n r\u00e1pida a\u00f1ade seguridad a tu equipo. Adem\u00e1s dispone de un segundo sistema de bloqueo que da mayor seguridad. Equipada con tornillos est\u00e1ndar de 6,35mm y 9,5mm y la capacidad de soportar hasta 12Kg de peso.<\/p>\n<ul>\n<li>Control independiente de los 3 ejes para un ajuste preciso del encuadre<\/li>\n<li>Dise\u00f1ada para tener movimientos suaves<\/li>\n<li>Nivel de burbuja para una encuadre preciso<\/li>\n<li>M\u00e1xima fiabilidad gracias a su cuerpo de aluminio<\/li>\n<li>Zapata de liberaci\u00f3n r\u00e1pida para una configuraci\u00f3n f\u00e1cil y completamente segura<\/li>\n<li>Peso: 2 kg<\/li>\n<li>Di\u00e1metro de la base: 66 mm<\/li>\n<li>Inclinaci\u00f3n frontal: -25\u00b0 \/ +90\u00b0<\/li>\n<li>Peso m\u00e1ximo de seguridad: 12 kg<\/li>\n<\/ul>\n","protected":false},"excerpt":{"rendered":"<p>R\u00f3tula Manfrotto 229 3D. Con controles independientes de los 3 ejes para facilitar el mejor encuadre. La precisi\u00f3n se ve favorecida por los niveles de burbuja incorporados que indican los niveles horizontal y vertical. Para m\u00e1s control, dispone indicadores calibrados en las manijas. La innovadora zapata de liberaci\u00f3n r\u00e1pida a\u00f1ade seguridad a tu equipo. Adem\u00e1s dispone de un segundo sistema [&hellip;]<\/p>\n","protected":false},"featured_media":9733,"template":"","meta":[],"product_cat":[204],"product_tag":[],"class_list":{"0":"post-3324","1":"product","2":"type-product","3":"status-publish","4":"has-post-thumbnail","6":"product_cat-tripods-es","8":"first","9":"instock","10":"shipping-taxable","11":"purchasable","12":"product-type-simple"},"_links":{"self":[{"href":"https:\/\/palmaequipmentrental.com\/es\/wp-json\/wp\/v2\/product\/3324","targetHints":{"allow":["GET"]}}],"collection":[{"href":"https:\/\/palmaequipmentrental.com\/es\/wp-json\/wp\/v2\/product"}],"about":[{"href":"https:\/\/palmaequipmentrental.com\/es\/wp-json\/wp\/v2\/types\/product"}],"wp:featuredmedia":[{"embeddable":true,"href":"https:\/\/palmaequipmentrental.com\/es\/wp-json\/wp\/v2\/media\/9733"}],"wp:attachment":[{"href":"https:\/\/palmaequipmentrental.com\/es\/wp-json\/wp\/v2\/media?parent=3324"}],"wp:term":[{"taxonomy":"product_cat","embeddable":true,"href":"https:\/\/palmaequipmentrental.com\/es\/wp-json\/wp\/v2\/product_cat?post=3324"},{"taxonomy":"product_tag","embeddable":true,"href":"https:\/\/palmaequipmentrental.com\/es\/wp-json\/wp\/v2\/product_tag?post=3324"}],"curies":[{"name":"wp","href":"https:\/\/api.w.org\/{rel}","templated":true}]}}