{"id":3328,"date":"2012-05-10T15:44:27","date_gmt":"2012-05-10T15:44:27","guid":{"rendered":"http:\/\/www.palmaequipmentrental.com\/product\/manfrotto-photo-movie-head-147-2\/"},"modified":"2022-08-13T13:43:18","modified_gmt":"2022-08-13T13:43:18","slug":"manfrotto-photo-movie-head-147","status":"publish","type":"product","link":"https:\/\/palmaequipmentrental.com\/es\/photo-video-equipment-mallorca\/manfrotto-photo-movie-head-147\/","title":{"rendered":"R\u00f3tula Manfrotto R\u00f3tula Bola"},"content":{"rendered":"<p><strong>R\u00f3tula hidrost\u00e1tica Manfrotto XPRO (MH-BHQ2)<\/strong> con sistema de conexi\u00f3n r\u00e1pida RC2.<\/p>\n<p>Altamente port\u00e1til y ligera, con un peso de s\u00f3lo 0,52 kg pero soportando una incre\u00edble carga \u00fatil de 10 kg gracias a su robusto dise\u00f1o de magnesio. Tambi\u00e9n cuenta con la popular placa Manfrotto 200PL, que puede utilizarse con una amplia gama de equipos.<\/p>\n<ul>\n<li>Mecanismo de bloqueo triple para una precisi\u00f3n garantizada<\/li>\n<li>Nuevos anillos de pol\u00edmero para movimientos de c\u00e1mara suaves y sin grasa<\/li>\n<li>Cuerpo de magnesio ligero y robusto con una impresionante carga \u00fatil de 10 kg<\/li>\n<li>Burbujas de nivelaci\u00f3n para un encuadre y disparo precisos<\/li>\n<li>Sistema de liberaci\u00f3n r\u00e1pida Manfrotto RC2 para una mayor flexibilidad<\/li>\n<\/ul>\n<p>&nbsp;<\/p>\n","protected":false},"excerpt":{"rendered":"<p>R\u00f3tula hidrost\u00e1tica Manfrotto XPRO (MH-BHQ2) con sistema de conexi\u00f3n r\u00e1pida RC2. Altamente port\u00e1til y ligera, con un peso de s\u00f3lo 0,52 kg pero soportando una incre\u00edble carga \u00fatil de 10 kg gracias a su robusto dise\u00f1o de magnesio. Tambi\u00e9n cuenta con la popular placa Manfrotto 200PL, que puede utilizarse con una amplia gama de equipos. Mecanismo de bloqueo triple para [&hellip;]<\/p>\n","protected":false},"featured_media":9738,"template":"","meta":[],"product_cat":[204],"product_tag":[],"class_list":{"0":"post-3328","1":"product","2":"type-product","3":"status-publish","4":"has-post-thumbnail","6":"product_cat-tripods-es","8":"first","9":"instock","10":"shipping-taxable","11":"purchasable","12":"product-type-simple"},"_links":{"self":[{"href":"https:\/\/palmaequipmentrental.com\/es\/wp-json\/wp\/v2\/product\/3328","targetHints":{"allow":["GET"]}}],"collection":[{"href":"https:\/\/palmaequipmentrental.com\/es\/wp-json\/wp\/v2\/product"}],"about":[{"href":"https:\/\/palmaequipmentrental.com\/es\/wp-json\/wp\/v2\/types\/product"}],"wp:featuredmedia":[{"embeddable":true,"href":"https:\/\/palmaequipmentrental.com\/es\/wp-json\/wp\/v2\/media\/9738"}],"wp:attachment":[{"href":"https:\/\/palmaequipmentrental.com\/es\/wp-json\/wp\/v2\/media?parent=3328"}],"wp:term":[{"taxonomy":"product_cat","embeddable":true,"href":"https:\/\/palmaequipmentrental.com\/es\/wp-json\/wp\/v2\/product_cat?post=3328"},{"taxonomy":"product_tag","embeddable":true,"href":"https:\/\/palmaequipmentrental.com\/es\/wp-json\/wp\/v2\/product_tag?post=3328"}],"curies":[{"name":"wp","href":"https:\/\/api.w.org\/{rel}","templated":true}]}}