{"id":3331,"date":"2012-05-10T15:44:27","date_gmt":"2012-05-10T15:44:27","guid":{"rendered":"http:\/\/www.palmaequipmentrental.com\/product\/manfrotto-808rc4-3d-head-2\/"},"modified":"2022-08-05T12:12:48","modified_gmt":"2022-08-05T12:12:48","slug":"manfrotto-808rc4-3d-head","status":"publish","type":"product","link":"https:\/\/palmaequipmentrental.com\/es\/photo-video-equipment-mallorca\/manfrotto-808rc4-3d-head\/","title":{"rendered":"R\u00f3tula Manfrotto 808RC4 3D"},"content":{"rendered":"<p><strong>R\u00f3tula para tr\u00edpode Manfrotto 808RC4 3D<\/strong><\/p>\n<p>Parte de la innovaci\u00f3n de esta r\u00f3tula es que incluye dos muelles. Estos muelles ayudan a balancear el peso. Est\u00e1n siatuados en los movimientos de inclinaci\u00f3n vertical y horizontal, por lo que ayudan al control total del encuadre. Adem\u00e1s dispone del sistema de liberaci\u00f3n r\u00e1pidad de c\u00e1mara.<\/p>\n<ul>\n<li>Control independiente de los 3 ejes para un ajuste preciso del encuadre<\/li>\n<li>Empu\u00f1adura ergon\u00f3mica que a\u00f1ade confort al agarre<\/li>\n<li>Compensa la cargas pesadas con peso fuera del centro de la c\u00e1mara<\/li>\n<li>Liberaci\u00f3n r\u00e1pida para una confugraci\u00f3n completamente f\u00e1cil y segura<\/li>\n<li>Carga M\u00e1xima : 12 kg<\/li>\n<li>Peso: 1.5 kg<\/li>\n<li>Di\u00e1metro De La Base: 60 mm<\/li>\n<li>Inclinaci\u00f3n (Tilt) Frontal: -30\u00b0 \/ +90\u00b0<\/li>\n<\/ul>\n","protected":false},"excerpt":{"rendered":"<p>R\u00f3tula para tr\u00edpode Manfrotto 808RC4 3D Parte de la innovaci\u00f3n de esta r\u00f3tula es que incluye dos muelles. Estos muelles ayudan a balancear el peso. Est\u00e1n siatuados en los movimientos de inclinaci\u00f3n vertical y horizontal, por lo que ayudan al control total del encuadre. Adem\u00e1s dispone del sistema de liberaci\u00f3n r\u00e1pidad de c\u00e1mara. Control independiente de los 3 ejes para [&hellip;]<\/p>\n","protected":false},"featured_media":9748,"template":"","meta":[],"product_cat":[204],"product_tag":[],"class_list":{"0":"post-3331","1":"product","2":"type-product","3":"status-publish","4":"has-post-thumbnail","6":"product_cat-tripods-es","8":"first","9":"instock","10":"shipping-taxable","11":"purchasable","12":"product-type-simple"},"_links":{"self":[{"href":"https:\/\/palmaequipmentrental.com\/es\/wp-json\/wp\/v2\/product\/3331","targetHints":{"allow":["GET"]}}],"collection":[{"href":"https:\/\/palmaequipmentrental.com\/es\/wp-json\/wp\/v2\/product"}],"about":[{"href":"https:\/\/palmaequipmentrental.com\/es\/wp-json\/wp\/v2\/types\/product"}],"wp:featuredmedia":[{"embeddable":true,"href":"https:\/\/palmaequipmentrental.com\/es\/wp-json\/wp\/v2\/media\/9748"}],"wp:attachment":[{"href":"https:\/\/palmaequipmentrental.com\/es\/wp-json\/wp\/v2\/media?parent=3331"}],"wp:term":[{"taxonomy":"product_cat","embeddable":true,"href":"https:\/\/palmaequipmentrental.com\/es\/wp-json\/wp\/v2\/product_cat?post=3331"},{"taxonomy":"product_tag","embeddable":true,"href":"https:\/\/palmaequipmentrental.com\/es\/wp-json\/wp\/v2\/product_tag?post=3331"}],"curies":[{"name":"wp","href":"https:\/\/api.w.org\/{rel}","templated":true}]}}