{"id":3334,"date":"2012-05-10T15:44:27","date_gmt":"2012-05-10T15:44:27","guid":{"rendered":"http:\/\/www.palmaequipmentrental.com\/product\/manfrotto-pistol-grip-head-2\/"},"modified":"2022-08-13T13:44:08","modified_gmt":"2022-08-13T13:44:08","slug":"manfrotto-pistol-grip-head","status":"publish","type":"product","link":"https:\/\/palmaequipmentrental.com\/es\/photo-video-equipment-mallorca\/manfrotto-pistol-grip-head\/","title":{"rendered":"R\u00f3tula Manfrotto Joystick"},"content":{"rendered":"<p>Con la r\u00f3tula de bola\u00a0327RC2 , siempre tendr\u00e1s un control completo. Este accesorio fotogr\u00e1fico inteligente hace que el ajuste de los \u00e1ngulos sea m\u00e1s f\u00e1cil que nunca y cuenta con un cuerpo de magnesio. F\u00e1cil de usar y completamente fiable, esta r\u00f3tula de bola tiene un innovador joystick horizontal, que permite moverse r\u00e1pidamente. Gracias a esta innovadora caracter\u00edstica, podr\u00e1s obtener el \u00e1ngulo perfecto incluso cuando est\u00e9s trabajando bajo presi\u00f3n. El mecanismo de bloqueo viene equipado con control de fricci\u00f3n, por lo que puedes estar seguro de que todo est\u00e1 firmemente en su lugar. Dispone de un nivel de burbuja integrado as\u00ed como de una zapata 200PL-14 de liberaci\u00f3n r\u00e1pida.<\/p>\n<ul>\n<li>Empu\u00f1adura Joystick horizontal con control de ajustes r\u00e1pido<\/li>\n<li>El control de fricci\u00f3n permite regular la fuerza de bloqueo del mecanismo<\/li>\n<li>Fabricada en magnesio para un rendimiento y durabilidad superior<\/li>\n<li>Nivel de burbuja incoporado<\/li>\n<li>Equipada con zapata 200PL-14<\/li>\n<\/ul>\n","protected":false},"excerpt":{"rendered":"<p>Con la r\u00f3tula de bola\u00a0327RC2 , siempre tendr\u00e1s un control completo. Este accesorio fotogr\u00e1fico inteligente hace que el ajuste de los \u00e1ngulos sea m\u00e1s f\u00e1cil que nunca y cuenta con un cuerpo de magnesio. F\u00e1cil de usar y completamente fiable, esta r\u00f3tula de bola tiene un innovador joystick horizontal, que permite moverse r\u00e1pidamente. Gracias a esta innovadora caracter\u00edstica, podr\u00e1s obtener [&hellip;]<\/p>\n","protected":false},"featured_media":9367,"template":"","meta":[],"product_cat":[204],"product_tag":[],"class_list":{"0":"post-3334","1":"product","2":"type-product","3":"status-publish","4":"has-post-thumbnail","6":"product_cat-tripods-es","8":"first","9":"instock","10":"shipping-taxable","11":"purchasable","12":"product-type-simple"},"_links":{"self":[{"href":"https:\/\/palmaequipmentrental.com\/es\/wp-json\/wp\/v2\/product\/3334","targetHints":{"allow":["GET"]}}],"collection":[{"href":"https:\/\/palmaequipmentrental.com\/es\/wp-json\/wp\/v2\/product"}],"about":[{"href":"https:\/\/palmaequipmentrental.com\/es\/wp-json\/wp\/v2\/types\/product"}],"wp:featuredmedia":[{"embeddable":true,"href":"https:\/\/palmaequipmentrental.com\/es\/wp-json\/wp\/v2\/media\/9367"}],"wp:attachment":[{"href":"https:\/\/palmaequipmentrental.com\/es\/wp-json\/wp\/v2\/media?parent=3334"}],"wp:term":[{"taxonomy":"product_cat","embeddable":true,"href":"https:\/\/palmaequipmentrental.com\/es\/wp-json\/wp\/v2\/product_cat?post=3334"},{"taxonomy":"product_tag","embeddable":true,"href":"https:\/\/palmaequipmentrental.com\/es\/wp-json\/wp\/v2\/product_tag?post=3334"}],"curies":[{"name":"wp","href":"https:\/\/api.w.org\/{rel}","templated":true}]}}