{"id":3337,"date":"2012-05-10T15:44:25","date_gmt":"2012-05-10T15:44:25","guid":{"rendered":"http:\/\/www.palmaequipmentrental.com\/product\/manfrotto-680b-monopod-2\/"},"modified":"2022-08-13T13:44:43","modified_gmt":"2022-08-13T13:44:43","slug":"manfrotto-680b-monopod","status":"publish","type":"product","link":"https:\/\/palmaequipmentrental.com\/es\/photo-video-equipment-mallorca\/manfrotto-680b-monopod\/","title":{"rendered":"Monopie Manfrotto 680B"},"content":{"rendered":"<p>Nuestro <strong>Manfrotto 680B Monopod<\/strong> inlcuye una r\u00f3tula <strong>Manfrotto 327RC2 Grip de pistola<\/strong>.<\/p>\n<p>El monopie 680B de Manfrotto es ligero y port\u00e1til,\u00a0lo que te permite llevarlo a cualquier lugar. Incorpora una plataforma para cabezal o c\u00e1mara con cubierta de pl\u00e1stico y dos anclajes para c\u00e1mara de \u00bc\u201d y 3\/8\u201d.\u00a0Con\u00a0pata de cuatro secciones\u00a0puede soportar un m\u00e1ximo de\u00a010 Kg\u00a0y tiene un\u00a0tama\u00f1o de 50 cm.\u00a0Cuenta con una\u00a0empu\u00f1adura ergon\u00f3mica y mu\u00f1equera que aseguran el agarre\u00a0y minimizan el riesgo de ca\u00edda de la c\u00e1mara.<\/p>\n","protected":false},"excerpt":{"rendered":"<p>Nuestro Manfrotto 680B Monopod inlcuye una r\u00f3tula Manfrotto 327RC2 Grip de pistola. El monopie 680B de Manfrotto es ligero y port\u00e1til,\u00a0lo que te permite llevarlo a cualquier lugar. Incorpora una plataforma para cabezal o c\u00e1mara con cubierta de pl\u00e1stico y dos anclajes para c\u00e1mara de \u00bc\u201d y 3\/8\u201d.\u00a0Con\u00a0pata de cuatro secciones\u00a0puede soportar un m\u00e1ximo de\u00a010 Kg\u00a0y tiene un\u00a0tama\u00f1o de 50 [&hellip;]<\/p>\n","protected":false},"featured_media":9752,"template":"","meta":[],"product_cat":[204],"product_tag":[],"class_list":{"0":"post-3337","1":"product","2":"type-product","3":"status-publish","4":"has-post-thumbnail","6":"product_cat-tripods-es","8":"first","9":"instock","10":"shipping-taxable","11":"purchasable","12":"product-type-simple"},"_links":{"self":[{"href":"https:\/\/palmaequipmentrental.com\/es\/wp-json\/wp\/v2\/product\/3337","targetHints":{"allow":["GET"]}}],"collection":[{"href":"https:\/\/palmaequipmentrental.com\/es\/wp-json\/wp\/v2\/product"}],"about":[{"href":"https:\/\/palmaequipmentrental.com\/es\/wp-json\/wp\/v2\/types\/product"}],"wp:featuredmedia":[{"embeddable":true,"href":"https:\/\/palmaequipmentrental.com\/es\/wp-json\/wp\/v2\/media\/9752"}],"wp:attachment":[{"href":"https:\/\/palmaequipmentrental.com\/es\/wp-json\/wp\/v2\/media?parent=3337"}],"wp:term":[{"taxonomy":"product_cat","embeddable":true,"href":"https:\/\/palmaequipmentrental.com\/es\/wp-json\/wp\/v2\/product_cat?post=3337"},{"taxonomy":"product_tag","embeddable":true,"href":"https:\/\/palmaequipmentrental.com\/es\/wp-json\/wp\/v2\/product_tag?post=3337"}],"curies":[{"name":"wp","href":"https:\/\/api.w.org\/{rel}","templated":true}]}}