{"id":3340,"date":"2012-05-10T15:44:25","date_gmt":"2012-05-10T15:44:25","guid":{"rendered":"http:\/\/www.palmaequipmentrental.com\/product\/manfrotto-058b-tripod-2\/"},"modified":"2023-10-05T14:46:56","modified_gmt":"2023-10-05T14:46:56","slug":"manfrotto-058b-tripod","status":"publish","type":"product","link":"https:\/\/palmaequipmentrental.com\/es\/photo-video-equipment-mallorca\/manfrotto-058b-tripod\/","title":{"rendered":"Tr\u00edpode Manfrotto 058B"},"content":{"rendered":"<p>Tr\u00edpode<strong> Manfrotto 058B<\/strong><\/p>\n<p>A\u00f1ade una r\u00f3tula de tu elecci\u00f3n:<\/p>\n<ul>\n<li>R\u00f3tula Manfrotto 808RC4 3D.<\/li>\n<li>R\u00f3tula de Bola Manfrotto.<\/li>\n<li>R\u00f3tula Manfrotto 405 Geared Head.<\/li>\n<li>R\u00f3tula Manfrotto 229 3D.<\/li>\n<\/ul>\n<p>Presenta un sistema patentado de liberaci\u00f3n individual o simult\u00e1nea de las patas que permite extender las patas, nivelar el tr\u00edpode (burbuja de nivel incluida) y bloquearlo en segundos sin tener que ajustar cada pata individualmente.<\/p>\n<ul>\n<li>Altura M\u00e1xima 217 cm<\/li>\n<li>Altura M\u00ednima 44 cm<\/li>\n<li>Carga M\u00e1xima 12 kg<\/li>\n<li>Di\u00e1metro de las patas en mm: 30,25,20.<\/li>\n<li>Peso 6.7 kg<\/li>\n<li>Secciones De Pata 3<\/li>\n<li>Sistema patentado de liberaci\u00f3n individual o simult\u00e1nea de las patas<\/li>\n<li>Ajuste individual de los \u00e1ngulos y bloqueo seguro con puntales telesc\u00f3picos<\/li>\n<li>Puntas de goma con clavo retr\u00e1ctil<\/li>\n<\/ul>\n","protected":false},"excerpt":{"rendered":"<p>Tr\u00edpode Manfrotto 058B A\u00f1ade una r\u00f3tula de tu elecci\u00f3n: R\u00f3tula Manfrotto 808RC4 3D. R\u00f3tula de Bola Manfrotto. R\u00f3tula Manfrotto 405 Geared Head. R\u00f3tula Manfrotto 229 3D. Presenta un sistema patentado de liberaci\u00f3n individual o simult\u00e1nea de las patas que permite extender las patas, nivelar el tr\u00edpode (burbuja de nivel incluida) y bloquearlo en segundos sin tener que ajustar cada pata [&hellip;]<\/p>\n","protected":false},"featured_media":9761,"template":"","meta":[],"product_cat":[204,205],"product_tag":[],"class_list":{"0":"post-3340","1":"product","2":"type-product","3":"status-publish","4":"has-post-thumbnail","6":"product_cat-tripods-es","7":"product_cat-tripods-video-grip-es","9":"first","10":"instock","11":"shipping-taxable","12":"purchasable","13":"product-type-simple"},"_links":{"self":[{"href":"https:\/\/palmaequipmentrental.com\/es\/wp-json\/wp\/v2\/product\/3340","targetHints":{"allow":["GET"]}}],"collection":[{"href":"https:\/\/palmaequipmentrental.com\/es\/wp-json\/wp\/v2\/product"}],"about":[{"href":"https:\/\/palmaequipmentrental.com\/es\/wp-json\/wp\/v2\/types\/product"}],"wp:featuredmedia":[{"embeddable":true,"href":"https:\/\/palmaequipmentrental.com\/es\/wp-json\/wp\/v2\/media\/9761"}],"wp:attachment":[{"href":"https:\/\/palmaequipmentrental.com\/es\/wp-json\/wp\/v2\/media?parent=3340"}],"wp:term":[{"taxonomy":"product_cat","embeddable":true,"href":"https:\/\/palmaequipmentrental.com\/es\/wp-json\/wp\/v2\/product_cat?post=3340"},{"taxonomy":"product_tag","embeddable":true,"href":"https:\/\/palmaequipmentrental.com\/es\/wp-json\/wp\/v2\/product_tag?post=3340"}],"curies":[{"name":"wp","href":"https:\/\/api.w.org\/{rel}","templated":true}]}}