{"id":3346,"date":"2012-05-10T14:55:37","date_gmt":"2012-05-10T14:55:37","guid":{"rendered":"http:\/\/www.palmaequipmentrental.com\/product\/canon-lens-70-200mm-is-ii-f28l-2\/"},"modified":"2022-08-05T12:13:15","modified_gmt":"2022-08-05T12:13:15","slug":"canon-lens-70-200mm-is-ii-f28l","status":"publish","type":"product","link":"https:\/\/palmaequipmentrental.com\/es\/photo-video-equipment-mallorca\/canon-lens-70-200mm-is-ii-f28l\/","title":{"rendered":"Canon EF 70-200mm f\/2.8L IS II USM"},"content":{"rendered":"<p><strong>Canon EF 70-200mm f\/2.8L IS II USM<\/strong><br \/>\nEl EF 70-200 mm f\/2,8L IS II USM es el teleobjetivo\u00a0esencial para deportes, vida salvaje o retratos.<\/p>\n<ul>\n<li>Estabilizador de imagen de 4 pasos<\/li>\n<li>Apertura circular de 8 hojas<\/li>\n<li>Intervalo de apertura: f \/ 2.8-32. Con una r\u00e1pida apertura de f\/2,8, la fotograf\u00eda en condiciones de escasa iluminaci\u00f3n es posible. Esta apertura de alta velocidad tambi\u00e9n se puede<\/li>\n<li>utilizar para garantizar una profundidad de campo reducida y que el sujeto destaque sobre un fondo recargado.<\/li>\n<li>Fluorita y elemento de lente de ultra baja dispersi\u00f3n (UD) para la mejor calidad de imagen<\/li>\n<li>Motor de enfoque ultras\u00f3nico<\/li>\n<li>Super Spectra Multi Recubrimiento<\/li>\n<li>Anulaci\u00f3n manual del enfoque<\/li>\n<li>Distancia de enfoque m\u00ednima: 3.9 \u00ab<\/li>\n<\/ul>\n","protected":false},"excerpt":{"rendered":"<p>Canon EF 70-200mm f\/2.8L IS II USM El EF 70-200 mm f\/2,8L IS II USM es el teleobjetivo\u00a0esencial para deportes, vida salvaje o retratos. Estabilizador de imagen de 4 pasos Apertura circular de 8 hojas Intervalo de apertura: f \/ 2.8-32. Con una r\u00e1pida apertura de f\/2,8, la fotograf\u00eda en condiciones de escasa iluminaci\u00f3n es posible. Esta apertura de alta [&hellip;]<\/p>\n","protected":false},"featured_media":9568,"template":"","meta":[],"product_cat":[801,795],"product_tag":[],"class_list":{"0":"post-3346","1":"product","2":"type-product","3":"status-publish","4":"has-post-thumbnail","6":"product_cat-objetivos-ef-es","7":"product_cat-objetivos-ef","9":"first","10":"instock","11":"shipping-taxable","12":"purchasable","13":"product-type-simple"},"_links":{"self":[{"href":"https:\/\/palmaequipmentrental.com\/es\/wp-json\/wp\/v2\/product\/3346","targetHints":{"allow":["GET"]}}],"collection":[{"href":"https:\/\/palmaequipmentrental.com\/es\/wp-json\/wp\/v2\/product"}],"about":[{"href":"https:\/\/palmaequipmentrental.com\/es\/wp-json\/wp\/v2\/types\/product"}],"wp:featuredmedia":[{"embeddable":true,"href":"https:\/\/palmaequipmentrental.com\/es\/wp-json\/wp\/v2\/media\/9568"}],"wp:attachment":[{"href":"https:\/\/palmaequipmentrental.com\/es\/wp-json\/wp\/v2\/media?parent=3346"}],"wp:term":[{"taxonomy":"product_cat","embeddable":true,"href":"https:\/\/palmaequipmentrental.com\/es\/wp-json\/wp\/v2\/product_cat?post=3346"},{"taxonomy":"product_tag","embeddable":true,"href":"https:\/\/palmaequipmentrental.com\/es\/wp-json\/wp\/v2\/product_tag?post=3346"}],"curies":[{"name":"wp","href":"https:\/\/api.w.org\/{rel}","templated":true}]}}