{"id":3350,"date":"2012-05-10T14:55:37","date_gmt":"2012-05-10T14:55:37","guid":{"rendered":"http:\/\/www.palmaequipmentrental.com\/product\/canon-lens-24-105mm-f4l-is-2\/"},"modified":"2022-10-17T14:10:31","modified_gmt":"2022-10-17T14:10:31","slug":"canon-lens-24-105mm-f4l-is","status":"publish","type":"product","link":"https:\/\/palmaequipmentrental.com\/es\/photo-video-equipment-mallorca\/canon-lens-24-105mm-f4l-is\/","title":{"rendered":"Canon EF 24-105mm f\/4L IS USM"},"content":{"rendered":"<p><strong>Canon EF 24-105mm f\/4L IS USM<\/strong>. Cubre longitudes focales gran angular, est\u00e1ndar y de teleobjetivo.<\/p>\n<p>El EF 24-105mm f\/4L IS USM cuenta con el Estabilizador de la Imagen (IS) de tres pasos de Canon, lo que lo hace ideal para trabajar sin tr\u00edpode. El IS permite el uso de velocidades de obturaci\u00f3n hasta tres paradas m\u00e1s bajas de lo normal, sin que se perciba un aumento de la borrosidad de la imagen por el movimiento de la c\u00e1mara.<\/p>\n<p><strong>Caracter\u00edsticas:<\/strong><\/p>\n<ul>\n<li>\u00d3ptica de la serie L<\/li>\n<li>Zoom ligero de 4,3 aumentos<\/li>\n<li>Apertura m\u00e1xima constante de f\/4 en todo el rango del zoom<\/li>\n<li>Estabilizador de imagen de tres pasos<\/li>\n<li>Elementos de lente s\u00faper UD y asf\u00e9ricos<\/li>\n<li>Enfoque autom\u00e1tico r\u00e1pido<\/li>\n<li>Recubrimientos Super Spectra<\/li>\n<li>El diafragma circular proporciona un agradable desenfoque del fondo<\/li>\n<\/ul>\n","protected":false},"excerpt":{"rendered":"<p>Canon EF 24-105mm f\/4L IS USM. Cubre longitudes focales gran angular, est\u00e1ndar y de teleobjetivo. El EF 24-105mm f\/4L IS USM cuenta con el Estabilizador de la Imagen (IS) de tres pasos de Canon, lo que lo hace ideal para trabajar sin tr\u00edpode. El IS permite el uso de velocidades de obturaci\u00f3n hasta tres paradas m\u00e1s bajas de lo normal, [&hellip;]<\/p>\n","protected":false},"featured_media":9538,"template":"","meta":[],"product_cat":[795,801],"product_tag":[],"class_list":{"0":"post-3350","1":"product","2":"type-product","3":"status-publish","4":"has-post-thumbnail","6":"product_cat-objetivos-ef","7":"product_cat-objetivos-ef-es","9":"first","10":"instock","11":"shipping-taxable","12":"purchasable","13":"product-type-simple"},"_links":{"self":[{"href":"https:\/\/palmaequipmentrental.com\/es\/wp-json\/wp\/v2\/product\/3350","targetHints":{"allow":["GET"]}}],"collection":[{"href":"https:\/\/palmaequipmentrental.com\/es\/wp-json\/wp\/v2\/product"}],"about":[{"href":"https:\/\/palmaequipmentrental.com\/es\/wp-json\/wp\/v2\/types\/product"}],"wp:featuredmedia":[{"embeddable":true,"href":"https:\/\/palmaequipmentrental.com\/es\/wp-json\/wp\/v2\/media\/9538"}],"wp:attachment":[{"href":"https:\/\/palmaequipmentrental.com\/es\/wp-json\/wp\/v2\/media?parent=3350"}],"wp:term":[{"taxonomy":"product_cat","embeddable":true,"href":"https:\/\/palmaequipmentrental.com\/es\/wp-json\/wp\/v2\/product_cat?post=3350"},{"taxonomy":"product_tag","embeddable":true,"href":"https:\/\/palmaequipmentrental.com\/es\/wp-json\/wp\/v2\/product_tag?post=3350"}],"curies":[{"name":"wp","href":"https:\/\/api.w.org\/{rel}","templated":true}]}}