{"id":3351,"date":"2012-05-10T14:55:37","date_gmt":"2012-05-10T14:55:37","guid":{"rendered":"http:\/\/www.palmaequipmentrental.com\/product\/canon-17-40mm-f4l-2\/"},"modified":"2022-08-05T12:13:15","modified_gmt":"2022-08-05T12:13:15","slug":"canon-17-40mm-f4l","status":"publish","type":"product","link":"https:\/\/palmaequipmentrental.com\/es\/photo-video-equipment-mallorca\/canon-17-40mm-f4l\/","title":{"rendered":"Canon EF 17-40mm f\/4 L USM"},"content":{"rendered":"<p><strong>Canon EF 17-40mm f\/4L USM.<\/strong> Un zoom gran angular\/standard de alta calidad para una gran variedad de sujetos.<\/p>\n<p>Un objetivo zoom de ultra gran angular 17mm a standard 40mm, que ofrece una excelente calidad de imagen y una apertura m\u00e1xima constante. Su cuerpo compacto y ligero lo convierte en un compa\u00f1ero de viaje ideal.<\/p>\n<p><strong>Caracter\u00edsticas<\/strong><\/p>\n<ul>\n<li>Excelente rendimiento \u00f3ptico en toda la gama de zoom<\/li>\n<li>R\u00e1pida velocidad de autoenfoque<\/li>\n<li>Distancia m\u00ednima de enfoque de 28 cm en todas las distancias focales<\/li>\n<\/ul>\n","protected":false},"excerpt":{"rendered":"<p>Canon EF 17-40mm f\/4L USM. Un zoom gran angular\/standard de alta calidad para una gran variedad de sujetos. Un objetivo zoom de ultra gran angular 17mm a standard 40mm, que ofrece una excelente calidad de imagen y una apertura m\u00e1xima constante. Su cuerpo compacto y ligero lo convierte en un compa\u00f1ero de viaje ideal. Caracter\u00edsticas Excelente rendimiento \u00f3ptico en toda [&hellip;]<\/p>\n","protected":false},"featured_media":9533,"template":"","meta":[],"product_cat":[801,795],"product_tag":[],"class_list":{"0":"post-3351","1":"product","2":"type-product","3":"status-publish","4":"has-post-thumbnail","6":"product_cat-objetivos-ef-es","7":"product_cat-objetivos-ef","9":"first","10":"instock","11":"shipping-taxable","12":"purchasable","13":"product-type-simple"},"_links":{"self":[{"href":"https:\/\/palmaequipmentrental.com\/es\/wp-json\/wp\/v2\/product\/3351","targetHints":{"allow":["GET"]}}],"collection":[{"href":"https:\/\/palmaequipmentrental.com\/es\/wp-json\/wp\/v2\/product"}],"about":[{"href":"https:\/\/palmaequipmentrental.com\/es\/wp-json\/wp\/v2\/types\/product"}],"wp:featuredmedia":[{"embeddable":true,"href":"https:\/\/palmaequipmentrental.com\/es\/wp-json\/wp\/v2\/media\/9533"}],"wp:attachment":[{"href":"https:\/\/palmaequipmentrental.com\/es\/wp-json\/wp\/v2\/media?parent=3351"}],"wp:term":[{"taxonomy":"product_cat","embeddable":true,"href":"https:\/\/palmaequipmentrental.com\/es\/wp-json\/wp\/v2\/product_cat?post=3351"},{"taxonomy":"product_tag","embeddable":true,"href":"https:\/\/palmaequipmentrental.com\/es\/wp-json\/wp\/v2\/product_tag?post=3351"}],"curies":[{"name":"wp","href":"https:\/\/api.w.org\/{rel}","templated":true}]}}