{"id":3358,"date":"2015-05-07T10:00:04","date_gmt":"2015-05-07T10:00:04","guid":{"rendered":"http:\/\/www.palmaequipmentrental.com\/product\/canon-ef-50mm-f1-2l-2\/"},"modified":"2022-08-05T12:12:14","modified_gmt":"2022-08-05T12:12:14","slug":"canon-ef-50mm-f1-2l","status":"publish","type":"product","link":"https:\/\/palmaequipmentrental.com\/es\/photo-video-equipment-mallorca\/canon-ef-50mm-f1-2l\/","title":{"rendered":"Canon EF 50mm f\/1.2L USM"},"content":{"rendered":"<p><strong>Canon EF 50mm f\/1.2L USM<\/strong><\/p>\n<p>Con el diafragma m\u00e1s luminoso de todos los objetivos de la gama, el extraordinariamente r\u00e1pido EF 50mm f\/1,2L USM ofrece unas excelentes prestaciones en situaciones de poca luz, lo que hace que sea la opci\u00f3n ideal para los reporteros gr\u00e1ficos que desean poder controlar la profundidad de campo o hacer fotograf\u00edas de interior sin necesidad de flash.<\/p>\n<ul>\n<li>Construcci\u00f3n y \u00f3ptica de la serie L<\/li>\n<li>Gran diafragma f\/1,2<\/li>\n<li>Autofoco r\u00e1pido y silencioso<\/li>\n<li>Revestimientos Super Spectra<\/li>\n<li>Apertura circular que permite obtener un excelente \u00bbbokeh\u00bb de fondo<\/li>\n<li>Env\u00eda la informaci\u00f3n de la distancia a la c\u00e1mara para que la pueda utilizar el sistema de flash E-TTL II<\/li>\n<\/ul>\n","protected":false},"excerpt":{"rendered":"<p>Canon EF 50mm f\/1.2L USM Con el diafragma m\u00e1s luminoso de todos los objetivos de la gama, el extraordinariamente r\u00e1pido EF 50mm f\/1,2L USM ofrece unas excelentes prestaciones en situaciones de poca luz, lo que hace que sea la opci\u00f3n ideal para los reporteros gr\u00e1ficos que desean poder controlar la profundidad de campo o hacer fotograf\u00edas de interior sin necesidad [&hellip;]<\/p>\n","protected":false},"featured_media":9560,"template":"","meta":[],"product_cat":[795,801],"product_tag":[],"class_list":{"0":"post-3358","1":"product","2":"type-product","3":"status-publish","4":"has-post-thumbnail","6":"product_cat-objetivos-ef","7":"product_cat-objetivos-ef-es","9":"first","10":"instock","11":"shipping-taxable","12":"purchasable","13":"product-type-simple"},"_links":{"self":[{"href":"https:\/\/palmaequipmentrental.com\/es\/wp-json\/wp\/v2\/product\/3358","targetHints":{"allow":["GET"]}}],"collection":[{"href":"https:\/\/palmaequipmentrental.com\/es\/wp-json\/wp\/v2\/product"}],"about":[{"href":"https:\/\/palmaequipmentrental.com\/es\/wp-json\/wp\/v2\/types\/product"}],"wp:featuredmedia":[{"embeddable":true,"href":"https:\/\/palmaequipmentrental.com\/es\/wp-json\/wp\/v2\/media\/9560"}],"wp:attachment":[{"href":"https:\/\/palmaequipmentrental.com\/es\/wp-json\/wp\/v2\/media?parent=3358"}],"wp:term":[{"taxonomy":"product_cat","embeddable":true,"href":"https:\/\/palmaequipmentrental.com\/es\/wp-json\/wp\/v2\/product_cat?post=3358"},{"taxonomy":"product_tag","embeddable":true,"href":"https:\/\/palmaequipmentrental.com\/es\/wp-json\/wp\/v2\/product_tag?post=3358"}],"curies":[{"name":"wp","href":"https:\/\/api.w.org\/{rel}","templated":true}]}}