{"id":3361,"date":"2015-05-07T10:03:05","date_gmt":"2015-05-07T10:03:05","guid":{"rendered":"http:\/\/www.palmaequipmentrental.com\/product\/canon-ef-50mm-f1-2l-copy-2\/"},"modified":"2025-06-13T13:49:12","modified_gmt":"2025-06-13T13:49:12","slug":"canon-ef-85mm-f-1-2l-ii-usm","status":"publish","type":"product","link":"https:\/\/palmaequipmentrental.com\/es\/photo-video-equipment-mallorca\/canon-ef-85mm-f-1-2l-ii-usm\/","title":{"rendered":"Canon EF 85mm f\/1.2L II USM"},"content":{"rendered":"<p>El <strong>Canon EF-85 mm f\/1,2L USM II<\/strong> es un objetivo luminoso que proporciona un rendimiento \u00f3ptico espl\u00e9ndido y un enfoque r\u00e1pido.<br \/>\nIdeal para fotograf\u00edas con poca luz y en aquellas situaciones en las que se requiere una profundidad de campo extremadamente estrecha. Perfecto para retrato creativo.<\/p>\n<ul>\n<li>Intervalo de apertura: f \/ 1.2-16<\/li>\n<li>Sistema \u00d3ptico Flotante<\/li>\n<li>Motor de autofoco ultras\u00f3nico<\/li>\n<li>Anulaci\u00f3n manual del enfoque<\/li>\n<li>Diafragma verdaderamente circular<\/li>\n<li>Revestimiento Super Spectra<\/li>\n<li>Di\u00e1metro del filtro de 72mm<\/li>\n<\/ul>\n","protected":false},"excerpt":{"rendered":"<p>El Canon EF-85 mm f\/1,2L USM II es un objetivo luminoso que proporciona un rendimiento \u00f3ptico espl\u00e9ndido y un enfoque r\u00e1pido. Ideal para fotograf\u00edas con poca luz y en aquellas situaciones en las que se requiere una profundidad de campo extremadamente estrecha. Perfecto para retrato creativo. Intervalo de apertura: f \/ 1.2-16 Sistema \u00d3ptico Flotante Motor de autofoco ultras\u00f3nico Anulaci\u00f3n [&hellip;]<\/p>\n","protected":false},"featured_media":9574,"template":"","meta":[],"product_cat":[795,801],"product_tag":[],"class_list":{"0":"post-3361","1":"product","2":"type-product","3":"status-publish","4":"has-post-thumbnail","6":"product_cat-objetivos-ef","7":"product_cat-objetivos-ef-es","9":"first","10":"instock","11":"shipping-taxable","12":"purchasable","13":"product-type-simple"},"_links":{"self":[{"href":"https:\/\/palmaequipmentrental.com\/es\/wp-json\/wp\/v2\/product\/3361","targetHints":{"allow":["GET"]}}],"collection":[{"href":"https:\/\/palmaequipmentrental.com\/es\/wp-json\/wp\/v2\/product"}],"about":[{"href":"https:\/\/palmaequipmentrental.com\/es\/wp-json\/wp\/v2\/types\/product"}],"wp:featuredmedia":[{"embeddable":true,"href":"https:\/\/palmaequipmentrental.com\/es\/wp-json\/wp\/v2\/media\/9574"}],"wp:attachment":[{"href":"https:\/\/palmaequipmentrental.com\/es\/wp-json\/wp\/v2\/media?parent=3361"}],"wp:term":[{"taxonomy":"product_cat","embeddable":true,"href":"https:\/\/palmaequipmentrental.com\/es\/wp-json\/wp\/v2\/product_cat?post=3361"},{"taxonomy":"product_tag","embeddable":true,"href":"https:\/\/palmaequipmentrental.com\/es\/wp-json\/wp\/v2\/product_tag?post=3361"}],"curies":[{"name":"wp","href":"https:\/\/api.w.org\/{rel}","templated":true}]}}