{"id":3367,"date":"2015-05-07T10:08:38","date_gmt":"2015-05-07T10:08:38","guid":{"rendered":"http:\/\/www.palmaequipmentrental.com\/product\/canon-ef-24mm-f1-4l-ii-copy-2\/"},"modified":"2025-06-13T13:45:07","modified_gmt":"2025-06-13T13:45:07","slug":"canon-ef-35mm-f1-4l-ii-usm","status":"publish","type":"product","link":"https:\/\/palmaequipmentrental.com\/es\/photo-video-equipment-mallorca\/canon-ef-35mm-f1-4l-ii-usm\/","title":{"rendered":"Canon EF 35mm f\/1.4L II USM"},"content":{"rendered":"<p class=\"c-strapline c-denda\">El <strong>EF 35 mm f \/ 1,4L II USM<\/strong> de Canon es un objetivo gran angular est\u00e1ndar que los fot\u00f3grafos de reportajes adoran por su perspectiva natural, sus resultados con poca luz y excelente rendimiento \u00f3ptico.<\/p>\n<ul>\n<li>Rango de Apertura: f \/ 1,4 a 22<\/li>\n<li>Diafragma Redondeado de 9 hojas<\/li>\n<li>Distancia m\u00ednima de enfoque: 0.28m<\/li>\n<li>\u00c1ngulo de visi\u00f3n (horizontal, vertical, diagonal): 54\u00b0, 38\u00b0, 63\u00b0<\/li>\n<li>Di\u00e1metro del filtro: 72mm<\/li>\n<\/ul>\n","protected":false},"excerpt":{"rendered":"<p>El EF 35 mm f \/ 1,4L II USM de Canon es un objetivo gran angular est\u00e1ndar que los fot\u00f3grafos de reportajes adoran por su perspectiva natural, sus resultados con poca luz y excelente rendimiento \u00f3ptico. Rango de Apertura: f \/ 1,4 a 22 Diafragma Redondeado de 9 hojas Distancia m\u00ednima de enfoque: 0.28m \u00c1ngulo de visi\u00f3n (horizontal, vertical, diagonal): [&hellip;]<\/p>\n","protected":false},"featured_media":9552,"template":"","meta":[],"product_cat":[795,801],"product_tag":[],"class_list":{"0":"post-3367","1":"product","2":"type-product","3":"status-publish","4":"has-post-thumbnail","6":"product_cat-objetivos-ef","7":"product_cat-objetivos-ef-es","9":"first","10":"instock","11":"shipping-taxable","12":"purchasable","13":"product-type-simple"},"_links":{"self":[{"href":"https:\/\/palmaequipmentrental.com\/es\/wp-json\/wp\/v2\/product\/3367","targetHints":{"allow":["GET"]}}],"collection":[{"href":"https:\/\/palmaequipmentrental.com\/es\/wp-json\/wp\/v2\/product"}],"about":[{"href":"https:\/\/palmaequipmentrental.com\/es\/wp-json\/wp\/v2\/types\/product"}],"wp:featuredmedia":[{"embeddable":true,"href":"https:\/\/palmaequipmentrental.com\/es\/wp-json\/wp\/v2\/media\/9552"}],"wp:attachment":[{"href":"https:\/\/palmaequipmentrental.com\/es\/wp-json\/wp\/v2\/media?parent=3367"}],"wp:term":[{"taxonomy":"product_cat","embeddable":true,"href":"https:\/\/palmaequipmentrental.com\/es\/wp-json\/wp\/v2\/product_cat?post=3367"},{"taxonomy":"product_tag","embeddable":true,"href":"https:\/\/palmaequipmentrental.com\/es\/wp-json\/wp\/v2\/product_tag?post=3367"}],"curies":[{"name":"wp","href":"https:\/\/api.w.org\/{rel}","templated":true}]}}