{"id":3374,"date":"2012-05-10T15:44:25","date_gmt":"2012-05-10T15:44:25","guid":{"rendered":"http:\/\/www.palmaequipmentrental.com\/product\/gitzo-carbon-fibre-tripod-with-removable-center-column-2\/"},"modified":"2023-10-05T14:44:53","modified_gmt":"2023-10-05T14:44:53","slug":"gitzo-carbon-fibre-tripod-with-removable-center-column","status":"publish","type":"product","link":"https:\/\/palmaequipmentrental.com\/es\/photo-video-equipment-mallorca\/gitzo-carbon-fibre-tripod-with-removable-center-column\/","title":{"rendered":"Tr\u00edpode Gitzo Fibra de Carbono"},"content":{"rendered":"<p>Tr\u00edpode<strong> de fibra de carbono Gitzo GT2532LVL<\/strong> con liberaci\u00f3n r\u00e1pida<\/p>\n<p>A\u00f1ade una r\u00f3tula de su elecci\u00f3n:<\/p>\n<ul>\n<li>R\u00f3tula Manfrotto 808RC4 3D.<\/li>\n<li>R\u00f3tula de Bola Manfrotto.<\/li>\n<li>R\u00f3tula Manfrotto 405 Geared Head.<\/li>\n<li>R\u00f3tula Manfrotto 229 3D<\/li>\n<\/ul>\n<p>La columna central r\u00e1pida del tr\u00edpode se retira f\u00e1cilmente, transform\u00e1ndolo en un conjunto a nivel del suelo que permite a los fot\u00f3grafos capturar la m\u00e1s amplia gama de perspectivas. Tambi\u00e9n cuenta con un mecanismo de columna reversible.<\/p>\n<ul>\n<li>Altura m\u00e1xima 166 cm (Con la columna central bajada 138 cm)<\/li>\n<li>Altura m\u00ednima 16 cm<\/li>\n<li>Peso de la carga \u00fatil de seguridad 18 kg<\/li>\n<li>Longitud cerrada 65 cm<\/li>\n<li>Peso 1,67 kg<\/li>\n<li>Traducci\u00f3n realizada con la versi\u00f3n gratuita del traductor www.DeepL.com\/Translator<\/li>\n<\/ul>\n","protected":false},"excerpt":{"rendered":"<p>Tr\u00edpode de fibra de carbono Gitzo GT2532LVL con liberaci\u00f3n r\u00e1pida A\u00f1ade una r\u00f3tula de su elecci\u00f3n: R\u00f3tula Manfrotto 808RC4 3D. R\u00f3tula de Bola Manfrotto. R\u00f3tula Manfrotto 405 Geared Head. R\u00f3tula Manfrotto 229 3D La columna central r\u00e1pida del tr\u00edpode se retira f\u00e1cilmente, transform\u00e1ndolo en un conjunto a nivel del suelo que permite a los fot\u00f3grafos capturar la m\u00e1s amplia gama [&hellip;]<\/p>\n","protected":false},"featured_media":9713,"template":"","meta":[],"product_cat":[755,204],"product_tag":[],"class_list":{"0":"post-3374","1":"product","2":"type-product","3":"status-publish","4":"has-post-thumbnail","6":"product_cat-estacion-de-trabajo-digital","7":"product_cat-tripods-es","9":"first","10":"instock","11":"shipping-taxable","12":"purchasable","13":"product-type-simple"},"_links":{"self":[{"href":"https:\/\/palmaequipmentrental.com\/es\/wp-json\/wp\/v2\/product\/3374","targetHints":{"allow":["GET"]}}],"collection":[{"href":"https:\/\/palmaequipmentrental.com\/es\/wp-json\/wp\/v2\/product"}],"about":[{"href":"https:\/\/palmaequipmentrental.com\/es\/wp-json\/wp\/v2\/types\/product"}],"wp:featuredmedia":[{"embeddable":true,"href":"https:\/\/palmaequipmentrental.com\/es\/wp-json\/wp\/v2\/media\/9713"}],"wp:attachment":[{"href":"https:\/\/palmaequipmentrental.com\/es\/wp-json\/wp\/v2\/media?parent=3374"}],"wp:term":[{"taxonomy":"product_cat","embeddable":true,"href":"https:\/\/palmaequipmentrental.com\/es\/wp-json\/wp\/v2\/product_cat?post=3374"},{"taxonomy":"product_tag","embeddable":true,"href":"https:\/\/palmaequipmentrental.com\/es\/wp-json\/wp\/v2\/product_tag?post=3374"}],"curies":[{"name":"wp","href":"https:\/\/api.w.org\/{rel}","templated":true}]}}