{"id":3384,"date":"2015-06-12T09:25:28","date_gmt":"2015-06-12T09:25:28","guid":{"rendered":"http:\/\/www.palmaequipmentrental.com\/product\/nikon-af-s-nikkor-85mm-f1-4g-2\/"},"modified":"2024-01-09T11:25:59","modified_gmt":"2024-01-09T11:25:59","slug":"nikon-af-s-nikkor-85mm-f1-4g","status":"publish","type":"product","link":"https:\/\/palmaequipmentrental.com\/es\/photo-video-equipment-mallorca\/nikon-af-s-nikkor-85mm-f1-4g\/","title":{"rendered":"Nikon AF-S 85mm f\/1.4G"},"content":{"rendered":"<p><strong>Objetivo Nikon AF-S Nikkor 85mm f\/1.4G<\/strong><\/p>\n<p>Teleobjetivo profesional de tama\u00f1o medio con un r\u00e1pido diafragma de f\/1,4 para utilizarlo con las c\u00e1maras SLR de formato FX de Nikon. Una nueva encarnaci\u00f3n de un legendario NIKKOR, la construcci\u00f3n \u00f3ptica redise\u00f1ada ofrece un rendimiento excepcional. El revestimiento de nanocristal de Nikon reduce en gran medida las im\u00e1genes fantasma y los destellos, y el diafragma redondeado de 9 l\u00e1minas produce unas caracter\u00edsticas de desenfoque suaves y agradables. Un excelente objetivo para retratos<\/p>\n<p><strong>Caracter\u00edsticas<\/strong><\/p>\n<ul>\n<li>Distancia focal de 85 mm<\/li>\n<li>Apertura m\u00e1xima f\/1.4<\/li>\n<li>Apertura m\u00ednima f\/16<\/li>\n<li>Construcci\u00f3n del objetivo 10 elementos en 9 grupos (con revestimiento de nanocristal)<\/li>\n<li>\u00c1ngulo de visi\u00f3n 28\u00b030&#8242;<\/li>\n<li>Distancia m\u00ednima de enfoque 0,85 m\/2,79 pies<\/li>\n<li>Relaci\u00f3n de reproducci\u00f3n m\u00e1xima 0,12x<\/li>\n<li>N\u00famero de l\u00e1minas del diafragma 9 (redondeadas)<\/li>\n<li>Tama\u00f1o del filtro 77 mm<\/li>\n<\/ul>\n","protected":false},"excerpt":{"rendered":"<p>Objetivo Nikon AF-S Nikkor 85mm f\/1.4G Teleobjetivo profesional de tama\u00f1o medio con un r\u00e1pido diafragma de f\/1,4 para utilizarlo con las c\u00e1maras SLR de formato FX de Nikon. Una nueva encarnaci\u00f3n de un legendario NIKKOR, la construcci\u00f3n \u00f3ptica redise\u00f1ada ofrece un rendimiento excepcional. El revestimiento de nanocristal de Nikon reduce en gran medida las im\u00e1genes fantasma y los destellos, y [&hellip;]<\/p>\n","protected":false},"featured_media":9691,"template":"","meta":[],"product_cat":[402,448],"product_tag":[],"class_list":{"0":"post-3384","1":"product","2":"type-product","3":"status-publish","4":"has-post-thumbnail","6":"product_cat-objetivos-nikon","7":"product_cat-objetivos-nikon-es","9":"first","10":"instock","11":"shipping-taxable","12":"purchasable","13":"product-type-simple"},"_links":{"self":[{"href":"https:\/\/palmaequipmentrental.com\/es\/wp-json\/wp\/v2\/product\/3384","targetHints":{"allow":["GET"]}}],"collection":[{"href":"https:\/\/palmaequipmentrental.com\/es\/wp-json\/wp\/v2\/product"}],"about":[{"href":"https:\/\/palmaequipmentrental.com\/es\/wp-json\/wp\/v2\/types\/product"}],"wp:featuredmedia":[{"embeddable":true,"href":"https:\/\/palmaequipmentrental.com\/es\/wp-json\/wp\/v2\/media\/9691"}],"wp:attachment":[{"href":"https:\/\/palmaequipmentrental.com\/es\/wp-json\/wp\/v2\/media?parent=3384"}],"wp:term":[{"taxonomy":"product_cat","embeddable":true,"href":"https:\/\/palmaequipmentrental.com\/es\/wp-json\/wp\/v2\/product_cat?post=3384"},{"taxonomy":"product_tag","embeddable":true,"href":"https:\/\/palmaequipmentrental.com\/es\/wp-json\/wp\/v2\/product_tag?post=3384"}],"curies":[{"name":"wp","href":"https:\/\/api.w.org\/{rel}","templated":true}]}}