{"id":3398,"date":"2015-06-12T12:46:30","date_gmt":"2015-06-12T12:46:30","guid":{"rendered":"http:\/\/www.palmaequipmentrental.com\/?post_type=product&#038;p=3398"},"modified":"2024-01-09T11:23:40","modified_gmt":"2024-01-09T11:23:40","slug":"nikon-af-s-nikkor-35mm-f1-4g","status":"publish","type":"product","link":"https:\/\/palmaequipmentrental.com\/es\/photo-video-equipment-mallorca\/nikon-af-s-nikkor-35mm-f1-4g\/","title":{"rendered":"Nikon AF-S 35mm f\/1.4G"},"content":{"rendered":"<p>El <strong>objetivo AF-S NIKKOR 35mm f\/1.4G<\/strong> de Nikon es un objetivo r\u00e1pido con una distancia focal gran angular cl\u00e1sica.<\/p>\n<p>Objetivo profesional gran angular de distancia focal \u00fanica con un r\u00e1pido diafragma de f\/1,4. Dise\u00f1ado para su uso con las c\u00e1maras SLR de formato FX de Nikon. Incorpora un revestimiento de nanocristal para obtener im\u00e1genes extraordinariamente n\u00edtidas, incluso con poca luz. Cuenta con un diafragma redondeado de 9 l\u00e1minas para conseguir un bokeh s\u00faper suave. Excelente rendimiento \u00f3ptico.<\/p>\n<p><strong>Caracter\u00edsticas<\/strong><\/p>\n<ul>\n<li>Objetivo profesional gran angular de formato FX.<\/li>\n<li>Distancia focal de 35 mm (equivalente a DX: 52,5 mm) con una r\u00e1pida apertura de f\/1,4.<\/li>\n<li>Excelente rendimiento \u00f3ptico: cuenta con un elemento de lente asf\u00e9rica para una resoluci\u00f3n y un contraste superiores.<\/li>\n<li>Imagen brillante en el visor.<\/li>\n<li>El revestimiento de nanocristal reduce las im\u00e1genes fantasma y los destellos.<\/li>\n<li>Apertura de diafragma redondeada de 9 l\u00e1minas para un bokeh s\u00faper suave.<\/li>\n<li>Motor SWM (Silent Wave Motor) para un enfoque autom\u00e1tico silencioso y preciso.<\/li>\n<\/ul>\n","protected":false},"excerpt":{"rendered":"<p>El objetivo AF-S NIKKOR 35mm f\/1.4G de Nikon es un objetivo r\u00e1pido con una distancia focal gran angular cl\u00e1sica. Objetivo profesional gran angular de distancia focal \u00fanica con un r\u00e1pido diafragma de f\/1,4. Dise\u00f1ado para su uso con las c\u00e1maras SLR de formato FX de Nikon. Incorpora un revestimiento de nanocristal para obtener im\u00e1genes extraordinariamente n\u00edtidas, incluso con poca luz. [&hellip;]<\/p>\n","protected":false},"featured_media":9654,"template":"","meta":[],"product_cat":[402,448],"product_tag":[],"class_list":{"0":"post-3398","1":"product","2":"type-product","3":"status-publish","4":"has-post-thumbnail","6":"product_cat-objetivos-nikon","7":"product_cat-objetivos-nikon-es","9":"first","10":"instock","11":"shipping-taxable","12":"purchasable","13":"product-type-simple"},"_links":{"self":[{"href":"https:\/\/palmaequipmentrental.com\/es\/wp-json\/wp\/v2\/product\/3398","targetHints":{"allow":["GET"]}}],"collection":[{"href":"https:\/\/palmaequipmentrental.com\/es\/wp-json\/wp\/v2\/product"}],"about":[{"href":"https:\/\/palmaequipmentrental.com\/es\/wp-json\/wp\/v2\/types\/product"}],"wp:featuredmedia":[{"embeddable":true,"href":"https:\/\/palmaequipmentrental.com\/es\/wp-json\/wp\/v2\/media\/9654"}],"wp:attachment":[{"href":"https:\/\/palmaequipmentrental.com\/es\/wp-json\/wp\/v2\/media?parent=3398"}],"wp:term":[{"taxonomy":"product_cat","embeddable":true,"href":"https:\/\/palmaequipmentrental.com\/es\/wp-json\/wp\/v2\/product_cat?post=3398"},{"taxonomy":"product_tag","embeddable":true,"href":"https:\/\/palmaequipmentrental.com\/es\/wp-json\/wp\/v2\/product_tag?post=3398"}],"curies":[{"name":"wp","href":"https:\/\/api.w.org\/{rel}","templated":true}]}}