{"id":3405,"date":"2015-07-07T09:40:54","date_gmt":"2015-07-07T09:40:54","guid":{"rendered":"http:\/\/www.palmaequipmentrental.com\/product\/manfrotto-055xpro3-tripod-2\/"},"modified":"2023-10-05T14:37:16","modified_gmt":"2023-10-05T14:37:16","slug":"manfrotto-055xpro3-tripod","status":"publish","type":"product","link":"https:\/\/palmaequipmentrental.com\/es\/photo-video-equipment-mallorca\/manfrotto-055xpro3-tripod\/","title":{"rendered":"Tr\u00edpode Manfrotto 055XPRO3"},"content":{"rendered":"<p>Tr\u00edpode <strong>Manfrotto 055XPRO3<\/strong><\/p>\n<p>A\u00f1ade una r\u00f3tula de tu elecci\u00f3n:<\/p>\n<ul>\n<li>R\u00f3tula Manfrotto 808RC4 3D.<\/li>\n<li>R\u00f3tula de Bola Manfrotto.<\/li>\n<li>R\u00f3tula Manfrotto 405 Geared Head.<\/li>\n<li>R\u00f3tula Manfrotto 229 3D.<\/li>\n<\/ul>\n<p>La caracter\u00edstica clave del 055XPRO3 es su mecanismo de columna central de 90\u00b0, que permite a esta ser extendida verticalmente como es normal, u horizontalmente, lo que abre una amplia gama de posibilidades de encuadre y toma. El mecanismo para situar la columna en horizontal es aloja en el interior de la estructura superior del tr\u00edpode para lograr un tama\u00f1o m\u00e1s compacto, y se extiende de una forma r\u00e1pida y sencilla cuando es necesario. El cambio de columna vertical a horizontal no requiere desmontar ninguna pieza, y se puede realizar incluso con la c\u00e1mara montada. La conexi\u00f3n Easy Link permite a\u00f1adir accesorios al tr\u00edpode, por ejemplo, una fuente de iluminaci\u00f3n LED<\/p>\n<ul>\n<li>Altura M\u00e1xima: 170 cm<\/li>\n<li>Altura M\u00ednima: 9 cm<\/li>\n<li>Carga M\u00e1xima: 9 kg<\/li>\n<li>Peso: 2.5 kg<\/li>\n<li>Secciones De Pata: 3<\/li>\n<\/ul>\n","protected":false},"excerpt":{"rendered":"<p>Tr\u00edpode Manfrotto 055XPRO3 A\u00f1ade una r\u00f3tula de tu elecci\u00f3n: R\u00f3tula Manfrotto 808RC4 3D. R\u00f3tula de Bola Manfrotto. R\u00f3tula Manfrotto 405 Geared Head. R\u00f3tula Manfrotto 229 3D. La caracter\u00edstica clave del 055XPRO3 es su mecanismo de columna central de 90\u00b0, que permite a esta ser extendida verticalmente como es normal, u horizontalmente, lo que abre una amplia gama de posibilidades de [&hellip;]<\/p>\n","protected":false},"featured_media":9755,"template":"","meta":[],"product_cat":[755,204],"product_tag":[],"class_list":{"0":"post-3405","1":"product","2":"type-product","3":"status-publish","4":"has-post-thumbnail","6":"product_cat-estacion-de-trabajo-digital","7":"product_cat-tripods-es","9":"first","10":"instock","11":"shipping-taxable","12":"purchasable","13":"product-type-simple"},"_links":{"self":[{"href":"https:\/\/palmaequipmentrental.com\/es\/wp-json\/wp\/v2\/product\/3405","targetHints":{"allow":["GET"]}}],"collection":[{"href":"https:\/\/palmaequipmentrental.com\/es\/wp-json\/wp\/v2\/product"}],"about":[{"href":"https:\/\/palmaequipmentrental.com\/es\/wp-json\/wp\/v2\/types\/product"}],"wp:featuredmedia":[{"embeddable":true,"href":"https:\/\/palmaequipmentrental.com\/es\/wp-json\/wp\/v2\/media\/9755"}],"wp:attachment":[{"href":"https:\/\/palmaequipmentrental.com\/es\/wp-json\/wp\/v2\/media?parent=3405"}],"wp:term":[{"taxonomy":"product_cat","embeddable":true,"href":"https:\/\/palmaequipmentrental.com\/es\/wp-json\/wp\/v2\/product_cat?post=3405"},{"taxonomy":"product_tag","embeddable":true,"href":"https:\/\/palmaequipmentrental.com\/es\/wp-json\/wp\/v2\/product_tag?post=3405"}],"curies":[{"name":"wp","href":"https:\/\/api.w.org\/{rel}","templated":true}]}}