{"id":3422,"date":"2012-05-10T16:15:53","date_gmt":"2012-05-10T16:15:53","guid":{"rendered":"http:\/\/www.palmaequipmentrental.com\/product\/seaport-i-visor-pro-ls-laptop-case-2\/"},"modified":"2022-08-13T13:41:44","modified_gmt":"2022-08-13T13:41:44","slug":"seaport-i-visor-pro-ls-laptop-case","status":"publish","type":"product","link":"https:\/\/palmaequipmentrental.com\/es\/photo-video-equipment-mallorca\/seaport-i-visor-pro-ls-laptop-case\/","title":{"rendered":"Seaport I-Visor"},"content":{"rendered":"<p><strong>Seaport I-Visor Pro LS<\/strong> malet\u00edn para ordenador port\u00e1til.<\/p>\n<p>Nuestro Seaport incluye un tr\u00edpode ligero.<\/p>\n<p>El Seaport i-Visor Pro LS es un malet\u00edn para ordenador port\u00e1til con tr\u00edpode para conseguir un efecto de \u00abcuarto oscuro\u00bb.<br \/>\nPermite la mejor visualizaci\u00f3n posible de las im\u00e1genes del ordenador en cualquier entorno.<\/p>\n","protected":false},"excerpt":{"rendered":"<p>Seaport I-Visor Pro LS malet\u00edn para ordenador port\u00e1til. Nuestro Seaport incluye un tr\u00edpode ligero. El Seaport i-Visor Pro LS es un malet\u00edn para ordenador port\u00e1til con tr\u00edpode para conseguir un efecto de \u00abcuarto oscuro\u00bb. Permite la mejor visualizaci\u00f3n posible de las im\u00e1genes del ordenador en cualquier entorno.<\/p>\n","protected":false},"featured_media":9937,"template":"","meta":[],"product_cat":[755],"product_tag":[],"class_list":{"0":"post-3422","1":"product","2":"type-product","3":"status-publish","4":"has-post-thumbnail","6":"product_cat-estacion-de-trabajo-digital","8":"first","9":"instock","10":"shipping-taxable","11":"purchasable","12":"product-type-simple"},"_links":{"self":[{"href":"https:\/\/palmaequipmentrental.com\/es\/wp-json\/wp\/v2\/product\/3422","targetHints":{"allow":["GET"]}}],"collection":[{"href":"https:\/\/palmaequipmentrental.com\/es\/wp-json\/wp\/v2\/product"}],"about":[{"href":"https:\/\/palmaequipmentrental.com\/es\/wp-json\/wp\/v2\/types\/product"}],"wp:featuredmedia":[{"embeddable":true,"href":"https:\/\/palmaequipmentrental.com\/es\/wp-json\/wp\/v2\/media\/9937"}],"wp:attachment":[{"href":"https:\/\/palmaequipmentrental.com\/es\/wp-json\/wp\/v2\/media?parent=3422"}],"wp:term":[{"taxonomy":"product_cat","embeddable":true,"href":"https:\/\/palmaequipmentrental.com\/es\/wp-json\/wp\/v2\/product_cat?post=3422"},{"taxonomy":"product_tag","embeddable":true,"href":"https:\/\/palmaequipmentrental.com\/es\/wp-json\/wp\/v2\/product_tag?post=3422"}],"curies":[{"name":"wp","href":"https:\/\/api.w.org\/{rel}","templated":true}]}}