{"id":3429,"date":"2012-05-10T16:15:53","date_gmt":"2012-05-10T16:15:53","guid":{"rendered":"http:\/\/www.palmaequipmentrental.com\/product\/epson-stylus-photo-r3000-2\/"},"modified":"2022-08-05T12:12:47","modified_gmt":"2022-08-05T12:12:47","slug":"epson-stylus-photo-r3000","status":"publish","type":"product","link":"https:\/\/palmaequipmentrental.com\/es\/photo-video-equipment-mallorca\/epson-stylus-photo-r3000\/","title":{"rendered":"Impresora Epson Stylus Photo R3000"},"content":{"rendered":"<p><strong>Epson Stylus Photo R3000<\/strong>, Impresora de rendimiento profesional.<\/p>\n<p>Esta impresora de 13&#8243;\/33cm ofrece las funciones profesionales que deseas, como cartuchos de alta capacidad, conexi\u00f3n en red e inal\u00e1mbrica, adem\u00e1s de un manejo avanzado de soportes. \u00a0La tinta pigmentada Vivid Magenta en combinaci\u00f3n con el cabezal de impresi\u00f3n de \u00faltima generaci\u00f3n permite a la R3000 producir resultados en blanco y negro con calidad de galer\u00eda, adem\u00e1s de impresiones en color vivo con azules y violetas impresionantes. \u00a0La R3000, que ofrece lo \u00faltimo en redes inal\u00e1mbricas y por cable, facilita la impresi\u00f3n en estudio y en exteriores. \u00a0Esta impresora fotogr\u00e1fica es capaz de manejar tanto hojas cortadas como rollos de papel de hasta 13&#8243;\/33cm de ancho.<\/p>\n<p>*El papel y los cartuchos de tinta no est\u00e1n incluidos en el precio.<\/p>\n","protected":false},"excerpt":{"rendered":"<p>Epson Stylus Photo R3000, Impresora de rendimiento profesional. Esta impresora de 13&#8243;\/33cm ofrece las funciones profesionales que deseas, como cartuchos de alta capacidad, conexi\u00f3n en red e inal\u00e1mbrica, adem\u00e1s de un manejo avanzado de soportes. \u00a0La tinta pigmentada Vivid Magenta en combinaci\u00f3n con el cabezal de impresi\u00f3n de \u00faltima generaci\u00f3n permite a la R3000 producir resultados en blanco y negro [&hellip;]<\/p>\n","protected":false},"featured_media":10192,"template":"","meta":[],"product_cat":[213],"product_tag":[],"class_list":{"0":"post-3429","1":"product","2":"type-product","3":"status-publish","4":"has-post-thumbnail","6":"product_cat-printers-es","8":"first","9":"instock","10":"shipping-taxable","11":"purchasable","12":"product-type-simple"},"_links":{"self":[{"href":"https:\/\/palmaequipmentrental.com\/es\/wp-json\/wp\/v2\/product\/3429","targetHints":{"allow":["GET"]}}],"collection":[{"href":"https:\/\/palmaequipmentrental.com\/es\/wp-json\/wp\/v2\/product"}],"about":[{"href":"https:\/\/palmaequipmentrental.com\/es\/wp-json\/wp\/v2\/types\/product"}],"wp:featuredmedia":[{"embeddable":true,"href":"https:\/\/palmaequipmentrental.com\/es\/wp-json\/wp\/v2\/media\/10192"}],"wp:attachment":[{"href":"https:\/\/palmaequipmentrental.com\/es\/wp-json\/wp\/v2\/media?parent=3429"}],"wp:term":[{"taxonomy":"product_cat","embeddable":true,"href":"https:\/\/palmaequipmentrental.com\/es\/wp-json\/wp\/v2\/product_cat?post=3429"},{"taxonomy":"product_tag","embeddable":true,"href":"https:\/\/palmaequipmentrental.com\/es\/wp-json\/wp\/v2\/product_tag?post=3429"}],"curies":[{"name":"wp","href":"https:\/\/api.w.org\/{rel}","templated":true}]}}