{"id":3444,"date":"2015-07-15T12:02:42","date_gmt":"2015-07-15T12:02:42","guid":{"rendered":"http:\/\/www.palmaequipmentrental.com\/product\/iworkcase-two-15-retina-2\/"},"modified":"2022-08-05T12:12:12","modified_gmt":"2022-08-05T12:12:12","slug":"iworkcase-two-15-retina","status":"publish","type":"product","link":"https:\/\/palmaequipmentrental.com\/es\/photo-video-equipment-mallorca\/iworkcase-two-15-retina\/","title":{"rendered":"iWorkCase two"},"content":{"rendered":"<p><strong>Soporte para port\u00e1til iWorkCase Two<\/strong><\/p>\n<p>Nuestro iWorkCase incluye un tr\u00edpode ligero y una base niveladora.<\/p>\n<p>El iWorkCase permite almacenar una o dos bater\u00edas HyperJuice, uno o dos discos duros externos, un lector de tarjetas CF\u00a0 y 6 tarjetas CF.<\/p>\n","protected":false},"excerpt":{"rendered":"<p>Soporte para port\u00e1til iWorkCase Two Nuestro iWorkCase incluye un tr\u00edpode ligero y una base niveladora. El iWorkCase permite almacenar una o dos bater\u00edas HyperJuice, uno o dos discos duros externos, un lector de tarjetas CF\u00a0 y 6 tarjetas CF.<\/p>\n","protected":false},"featured_media":9909,"template":"","meta":[],"product_cat":[755],"product_tag":[],"class_list":{"0":"post-3444","1":"product","2":"type-product","3":"status-publish","4":"has-post-thumbnail","6":"product_cat-estacion-de-trabajo-digital","8":"first","9":"instock","10":"shipping-taxable","11":"purchasable","12":"product-type-simple"},"_links":{"self":[{"href":"https:\/\/palmaequipmentrental.com\/es\/wp-json\/wp\/v2\/product\/3444","targetHints":{"allow":["GET"]}}],"collection":[{"href":"https:\/\/palmaequipmentrental.com\/es\/wp-json\/wp\/v2\/product"}],"about":[{"href":"https:\/\/palmaequipmentrental.com\/es\/wp-json\/wp\/v2\/types\/product"}],"wp:featuredmedia":[{"embeddable":true,"href":"https:\/\/palmaequipmentrental.com\/es\/wp-json\/wp\/v2\/media\/9909"}],"wp:attachment":[{"href":"https:\/\/palmaequipmentrental.com\/es\/wp-json\/wp\/v2\/media?parent=3444"}],"wp:term":[{"taxonomy":"product_cat","embeddable":true,"href":"https:\/\/palmaequipmentrental.com\/es\/wp-json\/wp\/v2\/product_cat?post=3444"},{"taxonomy":"product_tag","embeddable":true,"href":"https:\/\/palmaequipmentrental.com\/es\/wp-json\/wp\/v2\/product_tag?post=3444"}],"curies":[{"name":"wp","href":"https:\/\/api.w.org\/{rel}","templated":true}]}}