{"id":3466,"date":"2012-05-11T10:41:04","date_gmt":"2012-05-11T10:41:04","guid":{"rendered":"http:\/\/www.palmaequipmentrental.com\/product\/zoom-h6-handy-recorder-2\/"},"modified":"2023-01-23T13:17:47","modified_gmt":"2023-01-23T13:17:47","slug":"zoom-h6-handy-recorder","status":"publish","type":"product","link":"https:\/\/palmaequipmentrental.com\/es\/photo-video-equipment-mallorca\/zoom-h6-handy-recorder\/","title":{"rendered":"Zoom H6 Grabadora Port\u00e1til"},"content":{"rendered":"<p><strong>Zoom H6 Grabadora port\u00e1til de audio de 6 pistas.<\/strong><br \/>\nGraba a frecuencias de 16bit\/44,1 kHz, 48 kHz, 88,2 kHz y 96 kHz.<\/p>\n<p><strong>El kit incluye:<\/strong><\/p>\n<ul>\n<li>2x c\u00e1psulas de micr\u00f3fono est\u00e9reo intercambiables &#8211; X\/Y y MS<\/li>\n<li>Pilas<\/li>\n<li>Tarjeta SD<\/li>\n<\/ul>\n","protected":false},"excerpt":{"rendered":"<p>Zoom H6 Grabadora port\u00e1til de audio de 6 pistas. Graba a frecuencias de 16bit\/44,1 kHz, 48 kHz, 88,2 kHz y 96 kHz. El kit incluye: 2x c\u00e1psulas de micr\u00f3fono est\u00e9reo intercambiables &#8211; X\/Y y MS Pilas Tarjeta SD<\/p>\n","protected":false},"featured_media":11897,"template":"","meta":[],"product_cat":[199],"product_tag":[],"class_list":{"0":"post-3466","1":"product","2":"type-product","3":"status-publish","4":"has-post-thumbnail","6":"product_cat-audio-es","8":"first","9":"instock","10":"shipping-taxable","11":"purchasable","12":"product-type-simple"},"_links":{"self":[{"href":"https:\/\/palmaequipmentrental.com\/es\/wp-json\/wp\/v2\/product\/3466","targetHints":{"allow":["GET"]}}],"collection":[{"href":"https:\/\/palmaequipmentrental.com\/es\/wp-json\/wp\/v2\/product"}],"about":[{"href":"https:\/\/palmaequipmentrental.com\/es\/wp-json\/wp\/v2\/types\/product"}],"wp:featuredmedia":[{"embeddable":true,"href":"https:\/\/palmaequipmentrental.com\/es\/wp-json\/wp\/v2\/media\/11897"}],"wp:attachment":[{"href":"https:\/\/palmaequipmentrental.com\/es\/wp-json\/wp\/v2\/media?parent=3466"}],"wp:term":[{"taxonomy":"product_cat","embeddable":true,"href":"https:\/\/palmaequipmentrental.com\/es\/wp-json\/wp\/v2\/product_cat?post=3466"},{"taxonomy":"product_tag","embeddable":true,"href":"https:\/\/palmaequipmentrental.com\/es\/wp-json\/wp\/v2\/product_tag?post=3466"}],"curies":[{"name":"wp","href":"https:\/\/api.w.org\/{rel}","templated":true}]}}