{"id":3467,"date":"2012-05-11T10:41:04","date_gmt":"2012-05-11T10:41:04","guid":{"rendered":"http:\/\/www.palmaequipmentrental.com\/product\/rode-lightweight-boompole-2\/"},"modified":"2023-01-24T12:44:09","modified_gmt":"2023-01-24T12:44:09","slug":"rode-lightweight-boompole","status":"publish","type":"product","link":"https:\/\/palmaequipmentrental.com\/es\/photo-video-equipment-mallorca\/rode-lightweight-boompole\/","title":{"rendered":"Rode Percha Micr\u00f3fono"},"content":{"rendered":"<p>La <strong>Percha Rode Lightweight Boompole 3m<\/strong> ofrece el m\u00e1ximo rendimiento en un tama\u00f1o c\u00f3modo y port\u00e1til.<\/p>\n","protected":false},"excerpt":{"rendered":"<p>La Percha Rode Lightweight Boompole 3m ofrece el m\u00e1ximo rendimiento en un tama\u00f1o c\u00f3modo y port\u00e1til.<\/p>\n","protected":false},"featured_media":11939,"template":"","meta":[],"product_cat":[199],"product_tag":[],"class_list":{"0":"post-3467","1":"product","2":"type-product","3":"status-publish","4":"has-post-thumbnail","6":"product_cat-audio-es","8":"first","9":"instock","10":"shipping-taxable","11":"purchasable","12":"product-type-simple"},"_links":{"self":[{"href":"https:\/\/palmaequipmentrental.com\/es\/wp-json\/wp\/v2\/product\/3467","targetHints":{"allow":["GET"]}}],"collection":[{"href":"https:\/\/palmaequipmentrental.com\/es\/wp-json\/wp\/v2\/product"}],"about":[{"href":"https:\/\/palmaequipmentrental.com\/es\/wp-json\/wp\/v2\/types\/product"}],"wp:featuredmedia":[{"embeddable":true,"href":"https:\/\/palmaequipmentrental.com\/es\/wp-json\/wp\/v2\/media\/11939"}],"wp:attachment":[{"href":"https:\/\/palmaequipmentrental.com\/es\/wp-json\/wp\/v2\/media?parent=3467"}],"wp:term":[{"taxonomy":"product_cat","embeddable":true,"href":"https:\/\/palmaequipmentrental.com\/es\/wp-json\/wp\/v2\/product_cat?post=3467"},{"taxonomy":"product_tag","embeddable":true,"href":"https:\/\/palmaequipmentrental.com\/es\/wp-json\/wp\/v2\/product_tag?post=3467"}],"curies":[{"name":"wp","href":"https:\/\/api.w.org\/{rel}","templated":true}]}}