{"id":3468,"date":"2012-05-11T10:41:04","date_gmt":"2012-05-11T10:41:04","guid":{"rendered":"http:\/\/www.palmaequipmentrental.com\/product\/rode-videomic-pro-2\/"},"modified":"2023-01-24T12:31:40","modified_gmt":"2023-01-24T12:31:40","slug":"rode-videomic-pro","status":"publish","type":"product","link":"https:\/\/palmaequipmentrental.com\/es\/photo-video-equipment-mallorca\/rode-videomic-pro\/","title":{"rendered":"Rode VideoMic Pro"},"content":{"rendered":"<p>El <strong>Rode VideoMic Pro<\/strong> es un micr\u00f3fono de ca\u00f1\u00f3n dise\u00f1ado para su uso con videoc\u00e1maras, c\u00e1maras DSLR y grabadoras de audio port\u00e1tiles como fuente de audio primario y de referencia.<\/p>\n<ul>\n<li>Micr\u00f3fono de condensador para c\u00e1mara de calidad profesional<\/li>\n<li>Patr\u00f3n polar supercardioide para capturar audio enfocado y direccional<\/li>\n<li>Superligero (s\u00f3lo 85 g)<\/li>\n<li>Filtro de paso alto y control de ganancia de tres niveles<\/li>\n<li>Alimentaci\u00f3n mediante pila de 9v con m\u00e1s de 70 horas de uso<\/li>\n<li>Soporte antivibratorio Rycote Lyre integrado para un aislamiento superior del ruido de manejo<\/li>\n<li>Espuma de alta calidad para grabar en exteriores<\/li>\n<\/ul>\n","protected":false},"excerpt":{"rendered":"<p>El Rode VideoMic Pro es un micr\u00f3fono de ca\u00f1\u00f3n dise\u00f1ado para su uso con videoc\u00e1maras, c\u00e1maras DSLR y grabadoras de audio port\u00e1tiles como fuente de audio primario y de referencia. Micr\u00f3fono de condensador para c\u00e1mara de calidad profesional Patr\u00f3n polar supercardioide para capturar audio enfocado y direccional Superligero (s\u00f3lo 85 g) Filtro de paso alto y control de ganancia de [&hellip;]<\/p>\n","protected":false},"featured_media":11930,"template":"","meta":[],"product_cat":[199],"product_tag":[],"class_list":{"0":"post-3468","1":"product","2":"type-product","3":"status-publish","4":"has-post-thumbnail","6":"product_cat-audio-es","8":"first","9":"instock","10":"shipping-taxable","11":"purchasable","12":"product-type-simple"},"_links":{"self":[{"href":"https:\/\/palmaequipmentrental.com\/es\/wp-json\/wp\/v2\/product\/3468","targetHints":{"allow":["GET"]}}],"collection":[{"href":"https:\/\/palmaequipmentrental.com\/es\/wp-json\/wp\/v2\/product"}],"about":[{"href":"https:\/\/palmaequipmentrental.com\/es\/wp-json\/wp\/v2\/types\/product"}],"wp:featuredmedia":[{"embeddable":true,"href":"https:\/\/palmaequipmentrental.com\/es\/wp-json\/wp\/v2\/media\/11930"}],"wp:attachment":[{"href":"https:\/\/palmaequipmentrental.com\/es\/wp-json\/wp\/v2\/media?parent=3468"}],"wp:term":[{"taxonomy":"product_cat","embeddable":true,"href":"https:\/\/palmaequipmentrental.com\/es\/wp-json\/wp\/v2\/product_cat?post=3468"},{"taxonomy":"product_tag","embeddable":true,"href":"https:\/\/palmaequipmentrental.com\/es\/wp-json\/wp\/v2\/product_tag?post=3468"}],"curies":[{"name":"wp","href":"https:\/\/api.w.org\/{rel}","templated":true}]}}