{"id":3469,"date":"2012-05-11T10:41:04","date_gmt":"2012-05-11T10:41:04","guid":{"rendered":"http:\/\/www.palmaequipmentrental.com\/product\/juicedlink-riggy-assist-ra222-kit-2\/"},"modified":"2023-07-13T13:42:34","modified_gmt":"2023-07-13T13:42:34","slug":"juicedlink-riggy-assist-ra222-kit","status":"publish","type":"product","link":"https:\/\/palmaequipmentrental.com\/es\/photo-video-equipment-mallorca\/juicedlink-riggy-assist-ra222-kit\/","title":{"rendered":"Juicedlink Riggy-Assist RA222"},"content":{"rendered":"<p><strong>Este Juicedlink <span style=\"line-height: 1.3em;\">Riggy-Assist RA222<\/span>\u00a0incluye 4x bater\u00edas de 9V de ion de litio y un cargador.<\/strong><\/p>\n<p>El Riggy-Assist RA222 es un preamplificador de bajo ruido con muchas caracter\u00edsticas, que te permite reducir el \u00abruido\u00bb de audio de tu c\u00e1mara. Tiene 2 entradas XLR y alimentaci\u00f3n phantom de 48V\/12V, y est\u00e1 dise\u00f1ado para conectarse a las entradas de micr\u00f3fono de c\u00e1maras\/grabadoras. \u00abRiggy-Assist\u00bb significa que est\u00e1 construido resistente y refinado para proporcionar la mejor eficiencia energ\u00e9tica, el tama\u00f1o m\u00e1s peque\u00f1o y el peso m\u00e1s ligero. Incorpora funciones interesantes como Audio Bracketing, Selective Power-Down y cuenta con accesorios \u00abRiggy\u00bb para que puedas aprovechar el valioso espacio junto a tu c\u00e1mara para montar accesorios como micr\u00f3fonos y receptores inal\u00e1mbricos.<\/p>\n","protected":false},"excerpt":{"rendered":"<p>Este Juicedlink Riggy-Assist RA222\u00a0incluye 4x bater\u00edas de 9V de ion de litio y un cargador. El Riggy-Assist RA222 es un preamplificador de bajo ruido con muchas caracter\u00edsticas, que te permite reducir el \u00abruido\u00bb de audio de tu c\u00e1mara. Tiene 2 entradas XLR y alimentaci\u00f3n phantom de 48V\/12V, y est\u00e1 dise\u00f1ado para conectarse a las entradas de micr\u00f3fono de c\u00e1maras\/grabadoras. \u00abRiggy-Assist\u00bb [&hellip;]<\/p>\n","protected":false},"featured_media":6517,"template":"","meta":[],"product_cat":[737],"product_tag":[],"class_list":{"0":"post-3469","1":"product","2":"type-product","3":"status-publish","4":"has-post-thumbnail","6":"product_cat-equipos-de-segunda-mano","8":"first","9":"instock","10":"shipping-taxable","11":"purchasable","12":"product-type-simple"},"_links":{"self":[{"href":"https:\/\/palmaequipmentrental.com\/es\/wp-json\/wp\/v2\/product\/3469","targetHints":{"allow":["GET"]}}],"collection":[{"href":"https:\/\/palmaequipmentrental.com\/es\/wp-json\/wp\/v2\/product"}],"about":[{"href":"https:\/\/palmaequipmentrental.com\/es\/wp-json\/wp\/v2\/types\/product"}],"wp:featuredmedia":[{"embeddable":true,"href":"https:\/\/palmaequipmentrental.com\/es\/wp-json\/wp\/v2\/media\/6517"}],"wp:attachment":[{"href":"https:\/\/palmaequipmentrental.com\/es\/wp-json\/wp\/v2\/media?parent=3469"}],"wp:term":[{"taxonomy":"product_cat","embeddable":true,"href":"https:\/\/palmaequipmentrental.com\/es\/wp-json\/wp\/v2\/product_cat?post=3469"},{"taxonomy":"product_tag","embeddable":true,"href":"https:\/\/palmaequipmentrental.com\/es\/wp-json\/wp\/v2\/product_tag?post=3469"}],"curies":[{"name":"wp","href":"https:\/\/api.w.org\/{rel}","templated":true}]}}