{"id":3475,"date":"2012-05-11T10:41:04","date_gmt":"2012-05-11T10:41:04","guid":{"rendered":"http:\/\/www.palmaequipmentrental.com\/product\/sennheiser-wireless-lavalier-mic-kit-2\/"},"modified":"2023-01-24T12:59:04","modified_gmt":"2023-01-24T12:59:04","slug":"sennheiser-wireless-lavalier-mic-kit","status":"publish","type":"product","link":"https:\/\/palmaequipmentrental.com\/es\/photo-video-equipment-mallorca\/sennheiser-wireless-lavalier-mic-kit\/","title":{"rendered":"Kit Lavalier inal\u00e1mbrico"},"content":{"rendered":"<p>Nuestro<strong> kit de micr\u00f3fono de solapa inal\u00e1mbrico Sennheiser EW 100-ENG<\/strong> incluye:<\/p>\n<ul>\n<li>Transmisor Sennheiser SK100<\/li>\n<li>Receptor Sennheiser EK100<\/li>\n<li>Micr\u00f3fono de solapa con clip<\/li>\n<li>Cable de minijack a minijack<\/li>\n<li>Cable de minijack a XLR<\/li>\n<\/ul>\n<p>Este set ENG ofrece una gran flexibilidad para la grabaci\u00f3n port\u00e1til en interiores o exteriores. Su transmisor de petaca SKP 100 G3 transforma los dispositivos equipados con XLR (como micr\u00f3fonos y mesas de mezclas) en dispositivos inal\u00e1mbricos con s\u00f3lo conectar la unidad. Tanto el transmisor de petaca como el plug-on pueden sincronizarse con el receptor con s\u00f3lo pulsar un bot\u00f3n. El conjunto se completa con un peque\u00f1o micr\u00f3fono direccional de solapa de alta calidad.<\/p>\n","protected":false},"excerpt":{"rendered":"<p>Nuestro kit de micr\u00f3fono de solapa inal\u00e1mbrico Sennheiser EW 100-ENG incluye: Transmisor Sennheiser SK100 Receptor Sennheiser EK100 Micr\u00f3fono de solapa con clip Cable de minijack a minijack Cable de minijack a XLR Este set ENG ofrece una gran flexibilidad para la grabaci\u00f3n port\u00e1til en interiores o exteriores. Su transmisor de petaca SKP 100 G3 transforma los dispositivos equipados con XLR [&hellip;]<\/p>\n","protected":false},"featured_media":11943,"template":"","meta":[],"product_cat":[199],"product_tag":[],"class_list":{"0":"post-3475","1":"product","2":"type-product","3":"status-publish","4":"has-post-thumbnail","6":"product_cat-audio-es","8":"first","9":"instock","10":"shipping-taxable","11":"purchasable","12":"product-type-simple"},"_links":{"self":[{"href":"https:\/\/palmaequipmentrental.com\/es\/wp-json\/wp\/v2\/product\/3475","targetHints":{"allow":["GET"]}}],"collection":[{"href":"https:\/\/palmaequipmentrental.com\/es\/wp-json\/wp\/v2\/product"}],"about":[{"href":"https:\/\/palmaequipmentrental.com\/es\/wp-json\/wp\/v2\/types\/product"}],"wp:featuredmedia":[{"embeddable":true,"href":"https:\/\/palmaequipmentrental.com\/es\/wp-json\/wp\/v2\/media\/11943"}],"wp:attachment":[{"href":"https:\/\/palmaequipmentrental.com\/es\/wp-json\/wp\/v2\/media?parent=3475"}],"wp:term":[{"taxonomy":"product_cat","embeddable":true,"href":"https:\/\/palmaequipmentrental.com\/es\/wp-json\/wp\/v2\/product_cat?post=3475"},{"taxonomy":"product_tag","embeddable":true,"href":"https:\/\/palmaequipmentrental.com\/es\/wp-json\/wp\/v2\/product_tag?post=3475"}],"curies":[{"name":"wp","href":"https:\/\/api.w.org\/{rel}","templated":true}]}}