{"id":3485,"date":"2012-05-10T15:44:25","date_gmt":"2012-05-10T15:44:25","guid":{"rendered":"http:\/\/www.palmaequipmentrental.com\/product\/edelkrone-slider-plus-pro-xlarge-2\/"},"modified":"2022-08-05T12:12:50","modified_gmt":"2022-08-05T12:12:50","slug":"edelkrone-slider-plus-pro-xlarge","status":"publish","type":"product","link":"https:\/\/palmaequipmentrental.com\/es\/photo-video-equipment-mallorca\/edelkrone-slider-plus-pro-xlarge\/","title":{"rendered":"Edelkrone Slider Plus Pro XLarge"},"content":{"rendered":"<p>El Edelkrone SliderPLUS es el \u00fanico Slider de c\u00e1mara del mundo que puede desplazarse el doble de su propia longitud.<\/p>\n<p>Su dise\u00f1o \u00fanico compensa el sistema de ra\u00edles, duplicando la distancia de deslizamiento. \u00a0La nueva montura a\u00f1ade m\u00e1s durabilidad y m\u00e1s ajustes al sistema.<\/p>\n<p>El sistema de rieles del SliderPLUS PRO se retrae durante el funcionamiento del deslizador. As\u00ed consigue mantener la ventaja de tener el deslizador perfecto con una funci\u00f3n de dolly incre\u00edble.<\/p>\n<p>F\u00e1cil de usar con solo un tr\u00edpode.<\/p>\n","protected":false},"excerpt":{"rendered":"<p>El Edelkrone SliderPLUS es el \u00fanico Slider de c\u00e1mara del mundo que puede desplazarse el doble de su propia longitud. Su dise\u00f1o \u00fanico compensa el sistema de ra\u00edles, duplicando la distancia de deslizamiento. \u00a0La nueva montura a\u00f1ade m\u00e1s durabilidad y m\u00e1s ajustes al sistema. El sistema de rieles del SliderPLUS PRO se retrae durante el funcionamiento del deslizador. As\u00ed consigue [&hellip;]<\/p>\n","protected":false},"featured_media":9452,"template":"","meta":[],"product_cat":[219],"product_tag":[],"class_list":{"0":"post-3485","1":"product","2":"type-product","3":"status-publish","4":"has-post-thumbnail","6":"product_cat-supports-es","8":"first","9":"instock","10":"shipping-taxable","11":"purchasable","12":"product-type-simple"},"_links":{"self":[{"href":"https:\/\/palmaequipmentrental.com\/es\/wp-json\/wp\/v2\/product\/3485","targetHints":{"allow":["GET"]}}],"collection":[{"href":"https:\/\/palmaequipmentrental.com\/es\/wp-json\/wp\/v2\/product"}],"about":[{"href":"https:\/\/palmaequipmentrental.com\/es\/wp-json\/wp\/v2\/types\/product"}],"wp:featuredmedia":[{"embeddable":true,"href":"https:\/\/palmaequipmentrental.com\/es\/wp-json\/wp\/v2\/media\/9452"}],"wp:attachment":[{"href":"https:\/\/palmaequipmentrental.com\/es\/wp-json\/wp\/v2\/media?parent=3485"}],"wp:term":[{"taxonomy":"product_cat","embeddable":true,"href":"https:\/\/palmaequipmentrental.com\/es\/wp-json\/wp\/v2\/product_cat?post=3485"},{"taxonomy":"product_tag","embeddable":true,"href":"https:\/\/palmaequipmentrental.com\/es\/wp-json\/wp\/v2\/product_tag?post=3485"}],"curies":[{"name":"wp","href":"https:\/\/api.w.org\/{rel}","templated":true}]}}