{"id":3489,"date":"2012-05-10T15:44:25","date_gmt":"2012-05-10T15:44:25","guid":{"rendered":"http:\/\/www.palmaequipmentrental.com\/product\/manfrotto-545gb-video-tripod-2\/"},"modified":"2022-08-13T13:46:20","modified_gmt":"2022-08-13T13:46:20","slug":"manfrotto-545gb-video-tripod","status":"publish","type":"product","link":"https:\/\/palmaequipmentrental.com\/es\/photo-video-equipment-mallorca\/manfrotto-545gb-video-tripod\/","title":{"rendered":"Tr\u00edpode V\u00eddeo Manfrotto 545GB"},"content":{"rendered":"<p><strong>Kit de tr\u00edpode de v\u00eddeo<\/strong> que incluye la<strong> R\u00f3tula fluida 509HD + el tr\u00edpode de v\u00eddeo 545GB.<\/strong><\/p>\n<p>La R\u00f3tula de v\u00eddeo fluida Manfrotto 509HD con el tr\u00edpode 545GB ofrece un tr\u00edpode completo para sistemas de c\u00e1maras de v\u00eddeo profesionales de hasta 13,1 kg. \u00a0El mecanismo de contrapeso de 4 pasos de la cabeza 509HD garantiza un equilibrio \u00f3ptimo y ayuda a una r\u00e1pida configuraci\u00f3n. \u00a0El cabezal del tr\u00edpode cuenta con ajustes ergon\u00f3micos, conectores de f\u00e1cil enlace y utiliza materiales ligeros en sus componentes. \u00a0Gracias a la tecnolog\u00eda Bridging con sistema de arrastre de rodamientos, el cabezal del tr\u00edpode ofrece una estabilidad de calidad profesional, as\u00ed como movimientos precisos y suaves.<\/p>\n<p><strong>Tr\u00edpode de aluminio 545GB<\/strong><\/p>\n<p>Altura m\u00e1xima 172 cm<br \/>\nAltura m\u00ednima 48 cm<br \/>\nCapacidad de carga de hasta 25 kg, las patas soportan c\u00f3modamente el cabezal 509HD y equipo de c\u00e1mara profesional<br \/>\nEl separador a nivel del suelo mantiene las patas en su sitio y ofrece una mayor estabilidad<br \/>\nZapatas de goma para un mejor agarre en suelos lisos<\/p>\n<p><strong>R\u00f3tula fluida de video\u00a0 509HD<\/strong><\/p>\n<p>Capacidad de carga de hasta 13,1 kg<br \/>\nEl mecanismo de contrapeso de 4 pasos garantiza un equilibrio \u00f3ptimo y ayuda a una r\u00e1pida configuraci\u00f3n<br \/>\nAjustes ergon\u00f3micos y conectores de f\u00e1cil enlace<br \/>\nTecnolog\u00eda de puente con sistema de arrastre de bolas<br \/>\nLa funci\u00f3n Advanced Balance Recorder (ABR) puede registrar la posici\u00f3n de equilibrio perfecta de su c\u00e1mara<\/p>\n","protected":false},"excerpt":{"rendered":"<p>Kit de tr\u00edpode de v\u00eddeo que incluye la R\u00f3tula fluida 509HD + el tr\u00edpode de v\u00eddeo 545GB. La R\u00f3tula de v\u00eddeo fluida Manfrotto 509HD con el tr\u00edpode 545GB ofrece un tr\u00edpode completo para sistemas de c\u00e1maras de v\u00eddeo profesionales de hasta 13,1 kg. \u00a0El mecanismo de contrapeso de 4 pasos de la cabeza 509HD garantiza un equilibrio \u00f3ptimo y ayuda [&hellip;]<\/p>\n","protected":false},"featured_media":9716,"template":"","meta":[],"product_cat":[205],"product_tag":[],"class_list":{"0":"post-3489","1":"product","2":"type-product","3":"status-publish","4":"has-post-thumbnail","6":"product_cat-tripods-video-grip-es","8":"first","9":"instock","10":"shipping-taxable","11":"purchasable","12":"product-type-simple"},"_links":{"self":[{"href":"https:\/\/palmaequipmentrental.com\/es\/wp-json\/wp\/v2\/product\/3489","targetHints":{"allow":["GET"]}}],"collection":[{"href":"https:\/\/palmaequipmentrental.com\/es\/wp-json\/wp\/v2\/product"}],"about":[{"href":"https:\/\/palmaequipmentrental.com\/es\/wp-json\/wp\/v2\/types\/product"}],"wp:featuredmedia":[{"embeddable":true,"href":"https:\/\/palmaequipmentrental.com\/es\/wp-json\/wp\/v2\/media\/9716"}],"wp:attachment":[{"href":"https:\/\/palmaequipmentrental.com\/es\/wp-json\/wp\/v2\/media?parent=3489"}],"wp:term":[{"taxonomy":"product_cat","embeddable":true,"href":"https:\/\/palmaequipmentrental.com\/es\/wp-json\/wp\/v2\/product_cat?post=3489"},{"taxonomy":"product_tag","embeddable":true,"href":"https:\/\/palmaequipmentrental.com\/es\/wp-json\/wp\/v2\/product_tag?post=3489"}],"curies":[{"name":"wp","href":"https:\/\/api.w.org\/{rel}","templated":true}]}}