{"id":3500,"date":"2012-05-10T14:55:37","date_gmt":"2012-05-10T14:55:37","guid":{"rendered":"http:\/\/www.palmaequipmentrental.com\/product\/canon-eos-5d-mk-iii-kit-2\/"},"modified":"2022-08-05T12:13:16","modified_gmt":"2022-08-05T12:13:16","slug":"canon-eos-5d-mk-iii-kit","status":"publish","type":"product","link":"https:\/\/palmaequipmentrental.com\/es\/photo-video-equipment-mallorca\/canon-eos-5d-mk-iii-kit\/","title":{"rendered":"Canon EOS 5D Mk III"},"content":{"rendered":"<p>Nuestro<strong> kit Canon EOS 5D Mark III<\/strong> incluye:<\/p>\n<ul>\n<li>1x Cuerpo Canon EOS 5D Mark III<\/li>\n<li>2x Bater\u00eda LP-E6, 1x Cargador de bater\u00eda LC-E6<\/li>\n<li>1x Tarjeta Sandisk de 16GB<\/li>\n<li>1x Lector de tarjetas Sandisk.<\/li>\n<li>Una DSLR de fotograma completo capaz de capturar im\u00e1genes de 22 megap\u00edxeles a 6 fps y v\u00eddeos Full-HD.<\/li>\n<\/ul>\n<p>La EOS 5D Mark III es una DSLR de fotograma completo de 22,3 MP con enfoque autom\u00e1tico de 61 puntos y disparo continuo a 6 fps. \u00a0Captura v\u00eddeos Full-HD de alta calidad, con control manual sobre todo, desde la velocidad de fotogramas hasta el audio.<\/p>\n<p><strong>Caracter\u00edsticas<\/strong><\/p>\n<ul>\n<li>Sensor de fotograma completo de 22,3 megap\u00edxeles<\/li>\n<li>AF de 61 puntos<\/li>\n<li>Disparo continuo a 6 fps<\/li>\n<li>Sensibilidad ISO 100-25.600, ampliable a ISO 102.400<\/li>\n<li>V\u00eddeo Full-HD con control manual<\/li>\n<li>Procesador DIGIC 5+ de 14 bits<\/li>\n<li>Sellado contra la intemperie<\/li>\n<li>Pantalla de 8,11 cm (3,2 pulgadas) y 1.040.000 puntos<\/li>\n<li>Modo HDR<\/li>\n<\/ul>\n","protected":false},"excerpt":{"rendered":"<p>Nuestro kit Canon EOS 5D Mark III incluye: 1x Cuerpo Canon EOS 5D Mark III 2x Bater\u00eda LP-E6, 1x Cargador de bater\u00eda LC-E6 1x Tarjeta Sandisk de 16GB 1x Lector de tarjetas Sandisk. Una DSLR de fotograma completo capaz de capturar im\u00e1genes de 22 megap\u00edxeles a 6 fps y v\u00eddeos Full-HD. La EOS 5D Mark III es una DSLR de [&hellip;]<\/p>\n","protected":false},"featured_media":9472,"template":"","meta":[],"product_cat":[197,203],"product_tag":[],"class_list":{"0":"post-3500","1":"product","2":"type-product","3":"status-publish","4":"has-post-thumbnail","6":"product_cat-cuerpos-camara","7":"product_cat-camara-cuerpos-2","9":"first","10":"instock","11":"shipping-taxable","12":"purchasable","13":"product-type-simple"},"_links":{"self":[{"href":"https:\/\/palmaequipmentrental.com\/es\/wp-json\/wp\/v2\/product\/3500","targetHints":{"allow":["GET"]}}],"collection":[{"href":"https:\/\/palmaequipmentrental.com\/es\/wp-json\/wp\/v2\/product"}],"about":[{"href":"https:\/\/palmaequipmentrental.com\/es\/wp-json\/wp\/v2\/types\/product"}],"wp:featuredmedia":[{"embeddable":true,"href":"https:\/\/palmaequipmentrental.com\/es\/wp-json\/wp\/v2\/media\/9472"}],"wp:attachment":[{"href":"https:\/\/palmaequipmentrental.com\/es\/wp-json\/wp\/v2\/media?parent=3500"}],"wp:term":[{"taxonomy":"product_cat","embeddable":true,"href":"https:\/\/palmaequipmentrental.com\/es\/wp-json\/wp\/v2\/product_cat?post=3500"},{"taxonomy":"product_tag","embeddable":true,"href":"https:\/\/palmaequipmentrental.com\/es\/wp-json\/wp\/v2\/product_tag?post=3500"}],"curies":[{"name":"wp","href":"https:\/\/api.w.org\/{rel}","templated":true}]}}