{"id":3520,"date":"2012-04-25T17:02:01","date_gmt":"2012-04-25T17:02:01","guid":{"rendered":"http:\/\/www.palmaequipmentrental.com\/product\/progas2-2\/"},"modified":"2023-07-13T12:42:12","modified_gmt":"2023-07-13T12:42:12","slug":"progas2","status":"publish","type":"product","link":"https:\/\/palmaequipmentrental.com\/es\/photo-video-equipment-mallorca\/progas2\/","title":{"rendered":"ProGas2"},"content":{"rendered":"<p>Dispositivo de protecci\u00f3n contra alta tensi\u00f3n da\u00f1ina.<\/p>\n<p>Debe utilizarse siempre que se alimente Pro-7, Pro-6, ProPack, Acute\/D4 ComPact con un generador de gasolina para no da\u00f1ar las unidades.<\/p>\n<p style=\"margin-left: 36.0pt; text-indent: -18.0pt; mso-list: l0 level1 lfo1; tab-stops: list 36.0pt;\">\n","protected":false},"excerpt":{"rendered":"<p>Dispositivo de protecci\u00f3n contra alta tensi\u00f3n da\u00f1ina. Debe utilizarse siempre que se alimente Pro-7, Pro-6, ProPack, Acute\/D4 ComPact con un generador de gasolina para no da\u00f1ar las unidades.<\/p>\n","protected":false},"featured_media":7717,"template":"","meta":[],"product_cat":[737],"product_tag":[],"class_list":{"0":"post-3520","1":"product","2":"type-product","3":"status-publish","4":"has-post-thumbnail","6":"product_cat-equipos-de-segunda-mano","8":"first","9":"instock","10":"shipping-taxable","11":"purchasable","12":"product-type-simple"},"_links":{"self":[{"href":"https:\/\/palmaequipmentrental.com\/es\/wp-json\/wp\/v2\/product\/3520","targetHints":{"allow":["GET"]}}],"collection":[{"href":"https:\/\/palmaequipmentrental.com\/es\/wp-json\/wp\/v2\/product"}],"about":[{"href":"https:\/\/palmaequipmentrental.com\/es\/wp-json\/wp\/v2\/types\/product"}],"wp:featuredmedia":[{"embeddable":true,"href":"https:\/\/palmaequipmentrental.com\/es\/wp-json\/wp\/v2\/media\/7717"}],"wp:attachment":[{"href":"https:\/\/palmaequipmentrental.com\/es\/wp-json\/wp\/v2\/media?parent=3520"}],"wp:term":[{"taxonomy":"product_cat","embeddable":true,"href":"https:\/\/palmaequipmentrental.com\/es\/wp-json\/wp\/v2\/product_cat?post=3520"},{"taxonomy":"product_tag","embeddable":true,"href":"https:\/\/palmaequipmentrental.com\/es\/wp-json\/wp\/v2\/product_tag?post=3520"}],"curies":[{"name":"wp","href":"https:\/\/api.w.org\/{rel}","templated":true}]}}