{"id":3524,"date":"2012-04-17T09:33:11","date_gmt":"2012-04-17T09:33:11","guid":{"rendered":"http:\/\/www.palmaequipmentrental.com\/product\/wind-break-kit-2\/"},"modified":"2023-01-24T13:31:53","modified_gmt":"2023-01-24T13:31:53","slug":"wind-break-kit","status":"publish","type":"product","link":"https:\/\/palmaequipmentrental.com\/es\/photo-video-equipment-mallorca\/wind-break-kit\/","title":{"rendered":"Cortavientos WindBreak"},"content":{"rendered":"<p>El <strong>cortavientos Leeside wind breake<\/strong> est\u00e1 dise\u00f1ado como una herramienta port\u00e1til y f\u00e1cil de montar para reducir el viento.<\/p>\n","protected":false},"excerpt":{"rendered":"<p>El cortavientos Leeside wind breake est\u00e1 dise\u00f1ado como una herramienta port\u00e1til y f\u00e1cil de montar para reducir el viento.<\/p>\n","protected":false},"featured_media":11953,"template":"","meta":[],"product_cat":[186],"product_tag":[],"class_list":{"0":"post-3524","1":"product","2":"type-product","3":"status-publish","4":"has-post-thumbnail","6":"product_cat-on-location-es","8":"first","9":"instock","10":"shipping-taxable","11":"purchasable","12":"product-type-simple"},"_links":{"self":[{"href":"https:\/\/palmaequipmentrental.com\/es\/wp-json\/wp\/v2\/product\/3524","targetHints":{"allow":["GET"]}}],"collection":[{"href":"https:\/\/palmaequipmentrental.com\/es\/wp-json\/wp\/v2\/product"}],"about":[{"href":"https:\/\/palmaequipmentrental.com\/es\/wp-json\/wp\/v2\/types\/product"}],"wp:featuredmedia":[{"embeddable":true,"href":"https:\/\/palmaequipmentrental.com\/es\/wp-json\/wp\/v2\/media\/11953"}],"wp:attachment":[{"href":"https:\/\/palmaequipmentrental.com\/es\/wp-json\/wp\/v2\/media?parent=3524"}],"wp:term":[{"taxonomy":"product_cat","embeddable":true,"href":"https:\/\/palmaequipmentrental.com\/es\/wp-json\/wp\/v2\/product_cat?post=3524"},{"taxonomy":"product_tag","embeddable":true,"href":"https:\/\/palmaequipmentrental.com\/es\/wp-json\/wp\/v2\/product_tag?post=3524"}],"curies":[{"name":"wp","href":"https:\/\/api.w.org\/{rel}","templated":true}]}}