{"id":3527,"date":"2012-03-30T12:38:47","date_gmt":"2012-03-30T12:38:47","guid":{"rendered":"http:\/\/www.palmaequipmentrental.com\/?post_type=product&#038;p=3527"},"modified":"2025-11-21T09:35:22","modified_gmt":"2025-11-21T09:35:22","slug":"sony_alpha_7_s_iii_camara","status":"publish","type":"product","link":"https:\/\/palmaequipmentrental.com\/es\/photo-video-equipment-mallorca\/sony_alpha_7_s_iii_camara\/","title":{"rendered":"Sony Alpha 7 S III"},"content":{"rendered":"<p data-start=\"145\" data-end=\"567\">La Sony Alpha 7S III es una c\u00e1mara mirrorless full frame dise\u00f1ada para ofrecer un rendimiento excepcional en condiciones de poca luz y video profesional. Su sensor Exmor R CMOS de 12,1 MP ofrece una sensibilidad impresionante de hasta ISO 409.600 y un rango din\u00e1mico de 15 pasos. Captura v\u00eddeo 4K hasta 120p con grabaci\u00f3n 10-bit 4:2:2, junto con un r\u00e1pido autofocus h\u00edbrido de 759 puntos y estabilizaci\u00f3n \u00f3ptica de 5 ejes.<\/p>\n<p data-start=\"569\" data-end=\"611\"><strong data-start=\"569\" data-end=\"611\">Nuestro kit Sony Alpha 7S III incluye:<\/strong><\/p>\n<p data-start=\"613\" data-end=\"787\">1x Sony Alpha 7S III Cuerpo<br data-start=\"640\" data-end=\"643\" \/>1x Correa Sony Alpha 7S III<br data-start=\"670\" data-end=\"673\" \/>2x Bater\u00edas Sony NP-FZ100<br data-start=\"698\" data-end=\"701\" \/>1x Cargador Sony NP-FZ100<br data-start=\"726\" data-end=\"729\" \/>1x Tarjeta Sandisk 128GB<br data-start=\"753\" data-end=\"756\" \/>1x Lector de tarjetas Sandisk<\/p>\n<p data-start=\"789\" data-end=\"808\"><strong data-start=\"789\" data-end=\"808\">Caracter\u00edsticas<\/strong><\/p>\n<p data-start=\"810\" data-end=\"1176\">12,1 megap\u00edxeles, sensor full frame Exmor R CMOS<br data-start=\"858\" data-end=\"861\" \/>Procesador de imagen BIONZ XR<br data-start=\"890\" data-end=\"893\" \/>ISO 80\u2013102.400 (ampliable a 409.600)<br data-start=\"929\" data-end=\"932\" \/>AF h\u00edbrido r\u00e1pido de 759 puntos<br data-start=\"963\" data-end=\"966\" \/>V\u00eddeo 4K hasta 120p, grabaci\u00f3n 10-bit 4:2:2<br data-start=\"1009\" data-end=\"1012\" \/>Salida RAW de 16-bit<br data-start=\"1032\" data-end=\"1035\" \/>Compatibilidad con S-Log2 y S-Log3<br data-start=\"1069\" data-end=\"1072\" \/>Estabilizaci\u00f3n \u00f3ptica de 5 ejes<br data-start=\"1103\" data-end=\"1106\" \/>Cuerpo compacto y ligero: 699 g<br data-start=\"1137\" data-end=\"1140\" \/>Dimensiones 128,9 \u00d7 96,9 \u00d7 80,8 mm<\/p>\n<p data-start=\"1178\" data-end=\"1352\">La Sony Alpha 7S III es una excelente opci\u00f3n para capturar v\u00eddeo de nivel profesional, ofreciendo una versatilidad y rendimiento incomparables en cualquier entorno de rodaje.<\/p>\n<p data-start=\"1354\" data-end=\"1689\">Basado en Palma de Mallorca, Palma Equipment Rental es tu socio de confianza para el alquiler de equipos profesionales de fotograf\u00eda, v\u00eddeo y producci\u00f3n en todas las Islas Baleares. Ofrecemos un servicio flexible, eficiente y amable para garantizar que tus proyectos salgan perfectos. Alquila el mejor equipo para dar vida a tu visi\u00f3n.<\/p>\n","protected":false},"excerpt":{"rendered":"<p>La Sony Alpha 7S III es una c\u00e1mara mirrorless full frame dise\u00f1ada para ofrecer un rendimiento excepcional en condiciones de poca luz y video profesional. Su sensor Exmor R CMOS de 12,1 MP ofrece una sensibilidad impresionante de hasta ISO 409.600 y un rango din\u00e1mico de 15 pasos. Captura v\u00eddeo 4K hasta 120p con grabaci\u00f3n 10-bit 4:2:2, junto con un [&hellip;]<\/p>\n","protected":false},"featured_media":15060,"template":"","meta":[],"product_cat":[197,203],"product_tag":[],"class_list":{"0":"post-3527","1":"product","2":"type-product","3":"status-publish","4":"has-post-thumbnail","6":"product_cat-cuerpos-camara","7":"product_cat-camara-cuerpos-2","9":"first","10":"instock","11":"shipping-taxable","12":"purchasable","13":"product-type-simple"},"_links":{"self":[{"href":"https:\/\/palmaequipmentrental.com\/es\/wp-json\/wp\/v2\/product\/3527","targetHints":{"allow":["GET"]}}],"collection":[{"href":"https:\/\/palmaequipmentrental.com\/es\/wp-json\/wp\/v2\/product"}],"about":[{"href":"https:\/\/palmaequipmentrental.com\/es\/wp-json\/wp\/v2\/types\/product"}],"wp:featuredmedia":[{"embeddable":true,"href":"https:\/\/palmaequipmentrental.com\/es\/wp-json\/wp\/v2\/media\/15060"}],"wp:attachment":[{"href":"https:\/\/palmaequipmentrental.com\/es\/wp-json\/wp\/v2\/media?parent=3527"}],"wp:term":[{"taxonomy":"product_cat","embeddable":true,"href":"https:\/\/palmaequipmentrental.com\/es\/wp-json\/wp\/v2\/product_cat?post=3527"},{"taxonomy":"product_tag","embeddable":true,"href":"https:\/\/palmaequipmentrental.com\/es\/wp-json\/wp\/v2\/product_tag?post=3527"}],"curies":[{"name":"wp","href":"https:\/\/api.w.org\/{rel}","templated":true}]}}