{"id":3533,"date":"2012-03-30T11:52:10","date_gmt":"2012-03-30T11:52:10","guid":{"rendered":"http:\/\/www.palmaequipmentrental.com\/product\/spigot-brass-2\/"},"modified":"2022-08-05T12:13:45","modified_gmt":"2022-08-05T12:13:45","slug":"spigot-brass","status":"publish","type":"product","link":"https:\/\/palmaequipmentrental.com\/es\/photo-video-equipment-mallorca\/spigot-brass\/","title":{"rendered":"Adaptador de Espiga 2&#8243;"},"content":{"rendered":"<p>Este adaptador de espiga de doble extremo tiene un di\u00e1metro universal de 5\/8&#8243; (16 mm) y cuenta con roscas macho de 1\/4&#8243;-20 y 3\/8&#8243;-16.<\/p>\n<ul>\n<li>Espiga adaptadora de tr\u00edpode con pins universales de 16 mm de di\u00e1metro.<\/li>\n<li>Extremos de rosca est\u00e1ndar de 6,4 mm y 9,5 mm para m\u00e1xima compatibilidad.<\/li>\n<\/ul>\n","protected":false},"excerpt":{"rendered":"<p>Este adaptador de espiga de doble extremo tiene un di\u00e1metro universal de 5\/8&#8243; (16 mm) y cuenta con roscas macho de 1\/4&#8243;-20 y 3\/8&#8243;-16. Espiga adaptadora de tr\u00edpode con pins universales de 16 mm de di\u00e1metro. Extremos de rosca est\u00e1ndar de 6,4 mm y 9,5 mm para m\u00e1xima compatibilidad.<\/p>\n","protected":false},"featured_media":10310,"template":"","meta":[],"product_cat":[226,225],"product_tag":[],"class_list":{"0":"post-3533","1":"product","2":"type-product","3":"status-publish","4":"has-post-thumbnail","6":"product_cat-clamps2012-03-30-09-44-10-es","7":"product_cat-clamps-es","9":"first","10":"instock","11":"shipping-taxable","12":"purchasable","13":"product-type-simple"},"_links":{"self":[{"href":"https:\/\/palmaequipmentrental.com\/es\/wp-json\/wp\/v2\/product\/3533","targetHints":{"allow":["GET"]}}],"collection":[{"href":"https:\/\/palmaequipmentrental.com\/es\/wp-json\/wp\/v2\/product"}],"about":[{"href":"https:\/\/palmaequipmentrental.com\/es\/wp-json\/wp\/v2\/types\/product"}],"wp:featuredmedia":[{"embeddable":true,"href":"https:\/\/palmaequipmentrental.com\/es\/wp-json\/wp\/v2\/media\/10310"}],"wp:attachment":[{"href":"https:\/\/palmaequipmentrental.com\/es\/wp-json\/wp\/v2\/media?parent=3533"}],"wp:term":[{"taxonomy":"product_cat","embeddable":true,"href":"https:\/\/palmaequipmentrental.com\/es\/wp-json\/wp\/v2\/product_cat?post=3533"},{"taxonomy":"product_tag","embeddable":true,"href":"https:\/\/palmaequipmentrental.com\/es\/wp-json\/wp\/v2\/product_tag?post=3533"}],"curies":[{"name":"wp","href":"https:\/\/api.w.org\/{rel}","templated":true}]}}