{"id":3565,"date":"2012-03-30T09:30:11","date_gmt":"2012-03-30T09:30:11","guid":{"rendered":"http:\/\/www.palmaequipmentrental.com\/product\/polly-trolley-2\/"},"modified":"2024-01-15T09:47:07","modified_gmt":"2024-01-15T09:47:07","slug":"polly-trolley","status":"publish","type":"product","link":"https:\/\/palmaequipmentrental.com\/es\/photo-video-equipment-mallorca\/polly-trolley\/","title":{"rendered":"Soporte de Suelo para Polyboards"},"content":{"rendered":"<p>A\u00f1ade un toque de profesionalismo a tu sesi\u00f3n con el Soporte de Suelo para Polyboards de Palma Equipment Rental. Ideal para fot\u00f3grafos y cineastas en Palma de Mallorca y las Islas Baleares, este soporte es perfecto para crear V-flats y paredes de iluminaci\u00f3n en fotograf\u00eda de moda y publicidad.<\/p>\n<p>Detalles T\u00e9cnicos:<\/p>\n<ul>\n<li>Dise\u00f1o robusto que asegura una colocaci\u00f3n segura de los polyboards<\/li>\n<li>F\u00e1cil de montar y mover, adapt\u00e1ndose a entornos de rodaje din\u00e1micos<\/li>\n<li>Ideal para crear V-flats y paredes de iluminaci\u00f3n para un control preciso de la luz<\/li>\n<\/ul>\n<p>\u00bfPor qu\u00e9 lo necesitas? El Soporte de Suelo para Polyboards es imprescindible para lograr una reflexi\u00f3n y equilibrio de luz \u00f3ptimos, capturando cada toma con una iluminaci\u00f3n impecable.<\/p>\n<p>En Palma Equipment Rental, estamos dedicados a proporcionar equipos de primera l\u00ednea para tus empe\u00f1os creativos. Junto a marcas reconocidas como Profoto y Canon, el Soporte de Suelo para Polyboards es una parte esencial de nuestra extensa colecci\u00f3n. Comprometidos con la flexibilidad, eficiencia y soporte 24\/7, somos la fuente principal para profesionales en Menorca, Ibiza, Formentera y la pen\u00ednsula espa\u00f1ola, asegurando que cada sesi\u00f3n sea un \u00e9xito.<\/p>\n","protected":false},"excerpt":{"rendered":"<p>A\u00f1ade un toque de profesionalismo a tu sesi\u00f3n con el Soporte de Suelo para Polyboards de Palma Equipment Rental. Ideal para fot\u00f3grafos y cineastas en Palma de Mallorca y las Islas Baleares, este soporte es perfecto para crear V-flats y paredes de iluminaci\u00f3n en fotograf\u00eda de moda y publicidad. Detalles T\u00e9cnicos: Dise\u00f1o robusto que asegura una colocaci\u00f3n segura de los [&hellip;]<\/p>\n","protected":false},"featured_media":8793,"template":"","meta":[],"product_cat":[227,228],"product_tag":[],"class_list":{"0":"post-3565","1":"product","2":"type-product","3":"status-publish","4":"has-post-thumbnail","6":"product_cat-tripodes-de-luz-2","7":"product_cat-tripodes-de-luz","9":"first","10":"instock","11":"shipping-taxable","12":"purchasable","13":"product-type-simple"},"_links":{"self":[{"href":"https:\/\/palmaequipmentrental.com\/es\/wp-json\/wp\/v2\/product\/3565","targetHints":{"allow":["GET"]}}],"collection":[{"href":"https:\/\/palmaequipmentrental.com\/es\/wp-json\/wp\/v2\/product"}],"about":[{"href":"https:\/\/palmaequipmentrental.com\/es\/wp-json\/wp\/v2\/types\/product"}],"wp:featuredmedia":[{"embeddable":true,"href":"https:\/\/palmaequipmentrental.com\/es\/wp-json\/wp\/v2\/media\/8793"}],"wp:attachment":[{"href":"https:\/\/palmaequipmentrental.com\/es\/wp-json\/wp\/v2\/media?parent=3565"}],"wp:term":[{"taxonomy":"product_cat","embeddable":true,"href":"https:\/\/palmaequipmentrental.com\/es\/wp-json\/wp\/v2\/product_cat?post=3565"},{"taxonomy":"product_tag","embeddable":true,"href":"https:\/\/palmaequipmentrental.com\/es\/wp-json\/wp\/v2\/product_tag?post=3565"}],"curies":[{"name":"wp","href":"https:\/\/api.w.org\/{rel}","templated":true}]}}