{"id":3567,"date":"2012-03-30T09:30:11","date_gmt":"2012-03-30T09:30:11","guid":{"rendered":"http:\/\/www.palmaequipmentrental.com\/product\/c-stand-40q-2\/"},"modified":"2022-08-23T11:22:37","modified_gmt":"2022-08-23T11:22:37","slug":"c-stand-40q","status":"publish","type":"product","link":"https:\/\/palmaequipmentrental.com\/es\/photo-video-equipment-mallorca\/c-stand-40q\/","title":{"rendered":"Ceferino 40&#8243;"},"content":{"rendered":"<p>Nuestro <strong>Ceferino 40&#8243; (A2033F)<\/strong> incluye:<\/p>\n<ul>\n<li><strong>Espada 40&#8243;<\/strong>(D520)<\/li>\n<li><strong>R\u00f3tula\u00a0<\/strong>(D200)<\/li>\n<\/ul>\n<p>Tambi\u00e9n disponible con pata de altura regulable independiente y con Base de Tortuga desmontable.<\/p>\n<ul>\n<li>Altura m\u00e1xima: 328 cm<\/li>\n<li>Altura m\u00ednima: 134 cm<\/li>\n<li>Carga \u00fatil :10 kg<\/li>\n<li>Peso: 5,5 kg<\/li>\n<li>Di\u00e1metro m\u00e1ximo: 95 cm<\/li>\n<\/ul>\n","protected":false},"excerpt":{"rendered":"<p>Nuestro Ceferino 40&#8243; (A2033F) incluye: Espada 40&#8243;(D520) R\u00f3tula\u00a0(D200) Tambi\u00e9n disponible con pata de altura regulable independiente y con Base de Tortuga desmontable. Altura m\u00e1xima: 328 cm Altura m\u00ednima: 134 cm Carga \u00fatil :10 kg Peso: 5,5 kg Di\u00e1metro m\u00e1ximo: 95 cm<\/p>\n","protected":false},"featured_media":5173,"template":"","meta":[],"product_cat":[228,227],"product_tag":[],"class_list":{"0":"post-3567","1":"product","2":"type-product","3":"status-publish","4":"has-post-thumbnail","6":"product_cat-tripodes-de-luz","7":"product_cat-tripodes-de-luz-2","9":"first","10":"instock","11":"shipping-taxable","12":"purchasable","13":"product-type-simple"},"_links":{"self":[{"href":"https:\/\/palmaequipmentrental.com\/es\/wp-json\/wp\/v2\/product\/3567","targetHints":{"allow":["GET"]}}],"collection":[{"href":"https:\/\/palmaequipmentrental.com\/es\/wp-json\/wp\/v2\/product"}],"about":[{"href":"https:\/\/palmaequipmentrental.com\/es\/wp-json\/wp\/v2\/types\/product"}],"wp:featuredmedia":[{"embeddable":true,"href":"https:\/\/palmaequipmentrental.com\/es\/wp-json\/wp\/v2\/media\/5173"}],"wp:attachment":[{"href":"https:\/\/palmaequipmentrental.com\/es\/wp-json\/wp\/v2\/media?parent=3567"}],"wp:term":[{"taxonomy":"product_cat","embeddable":true,"href":"https:\/\/palmaequipmentrental.com\/es\/wp-json\/wp\/v2\/product_cat?post=3567"},{"taxonomy":"product_tag","embeddable":true,"href":"https:\/\/palmaequipmentrental.com\/es\/wp-json\/wp\/v2\/product_tag?post=3567"}],"curies":[{"name":"wp","href":"https:\/\/api.w.org\/{rel}","templated":true}]}}