{"id":3577,"date":"2012-03-30T09:30:11","date_gmt":"2012-03-30T09:30:11","guid":{"rendered":"http:\/\/www.palmaequipmentrental.com\/product\/medium-roller-2\/"},"modified":"2022-08-05T12:13:50","modified_gmt":"2022-08-05T12:13:50","slug":"medium-roller","status":"publish","type":"product","link":"https:\/\/palmaequipmentrental.com\/es\/photo-video-equipment-mallorca\/medium-roller\/","title":{"rendered":"Tr\u00edpode Medium Roller"},"content":{"rendered":"<p>Tr\u00edpode mobil con cabezal de agarre y ruedas extra\u00edbles.<\/p>\n<ul>\n<li>Altura m\u00e1xima: 350cm<\/li>\n<li>Altura m\u00ednima: 168cm<\/li>\n<li>Material: aluminio y acero Capacidad de carga: 40kg<\/li>\n<li>Peso: 10 kg<\/li>\n<\/ul>\n<p>&nbsp;<\/p>\n","protected":false},"excerpt":{"rendered":"<p>Tr\u00edpode mobil con cabezal de agarre y ruedas extra\u00edbles. Altura m\u00e1xima: 350cm Altura m\u00ednima: 168cm Material: aluminio y acero Capacidad de carga: 40kg Peso: 10 kg &nbsp;<\/p>\n","protected":false},"featured_media":13300,"template":"","meta":[],"product_cat":[227,228],"product_tag":[],"class_list":{"0":"post-3577","1":"product","2":"type-product","3":"status-publish","4":"has-post-thumbnail","6":"product_cat-tripodes-de-luz-2","7":"product_cat-tripodes-de-luz","9":"first","10":"instock","11":"shipping-taxable","12":"purchasable","13":"product-type-simple"},"_links":{"self":[{"href":"https:\/\/palmaequipmentrental.com\/es\/wp-json\/wp\/v2\/product\/3577","targetHints":{"allow":["GET"]}}],"collection":[{"href":"https:\/\/palmaequipmentrental.com\/es\/wp-json\/wp\/v2\/product"}],"about":[{"href":"https:\/\/palmaequipmentrental.com\/es\/wp-json\/wp\/v2\/types\/product"}],"wp:featuredmedia":[{"embeddable":true,"href":"https:\/\/palmaequipmentrental.com\/es\/wp-json\/wp\/v2\/media\/13300"}],"wp:attachment":[{"href":"https:\/\/palmaequipmentrental.com\/es\/wp-json\/wp\/v2\/media?parent=3577"}],"wp:term":[{"taxonomy":"product_cat","embeddable":true,"href":"https:\/\/palmaequipmentrental.com\/es\/wp-json\/wp\/v2\/product_cat?post=3577"},{"taxonomy":"product_tag","embeddable":true,"href":"https:\/\/palmaequipmentrental.com\/es\/wp-json\/wp\/v2\/product_tag?post=3577"}],"curies":[{"name":"wp","href":"https:\/\/api.w.org\/{rel}","templated":true}]}}